{"id":507,"date":"2026-01-31T19:09:49","date_gmt":"2026-01-31T22:09:49","guid":{"rendered":"http:\/\/localhost\/ischigualasto\/projects\/"},"modified":"2026-03-03T17:54:51","modified_gmt":"2026-03-03T20:54:51","slug":"projects","status":"publish","type":"page","link":"https:\/\/www.ischigualasto.gob.ar\/?page_id=507","title":{"rendered":"Como llegar"},"content":{"rendered":"\t\t<div data-elementor-type=\"wp-post\" data-elementor-id=\"507\" class=\"elementor elementor-507\" data-elementor-post-type=\"page\">\n\t\t\t\t<div class=\"elementor-element elementor-element-a7d7892 e-flex e-con-boxed e-con e-parent\" data-id=\"a7d7892\" data-element_type=\"container\" data-settings=\"{&quot;background_background&quot;:&quot;classic&quot;,&quot;animation&quot;:&quot;none&quot;,&quot;shape_divider_bottom&quot;:&quot;mountains&quot;}\">\n\t\t\t\t\t<div class=\"e-con-inner\">\n\t\t\t\t<div class=\"elementor-shape elementor-shape-bottom\" aria-hidden=\"true\" data-negative=\"false\">\n\t\t\t<svg xmlns=\"http:\/\/www.w3.org\/2000\/svg\" viewBox=\"0 0 1000 100\" preserveAspectRatio=\"none\">\n\t<path class=\"elementor-shape-fill\" opacity=\"0.33\" d=\"M473,67.3c-203.9,88.3-263.1-34-320.3,0C66,119.1,0,59.7,0,59.7V0h1000v59.7 c0,0-62.1,26.1-94.9,29.3c-32.8,3.3-62.8-12.3-75.8-22.1C806,49.6,745.3,8.7,694.9,4.7S492.4,59,473,67.3z\"\/>\n\t<path class=\"elementor-shape-fill\" opacity=\"0.66\" d=\"M734,67.3c-45.5,0-77.2-23.2-129.1-39.1c-28.6-8.7-150.3-10.1-254,39.1 s-91.7-34.4-149.2,0C115.7,118.3,0,39.8,0,39.8V0h1000v36.5c0,0-28.2-18.5-92.1-18.5C810.2,18.1,775.7,67.3,734,67.3z\"\/>\n\t<path class=\"elementor-shape-fill\" d=\"M766.1,28.9c-200-57.5-266,65.5-395.1,19.5C242,1.8,242,5.4,184.8,20.6C128,35.8,132.3,44.9,89.9,52.5C28.6,63.7,0,0,0,0 h1000c0,0-9.9,40.9-83.6,48.1S829.6,47,766.1,28.9z\"\/>\n<\/svg>\t\t<\/div>\n\t\t<div class=\"elementor-element elementor-element-4e3e72b e-con-full e-flex e-con e-child\" data-id=\"4e3e72b\" data-element_type=\"container\">\n\t\t\t\t<div class=\"elementor-element elementor-element-cb20d84 elementor-widget elementor-widget-heading\" data-id=\"cb20d84\" data-element_type=\"widget\" data-widget_type=\"heading.default\">\n\t\t\t\t<div class=\"elementor-widget-container\">\n\t\t\t\t\t<h1 class=\"elementor-heading-title elementor-size-default\">Como llegar<\/h1>\t\t\t\t<\/div>\n\t\t\t\t<\/div>\n\t\t\t\t<\/div>\n\t\t\t\t\t<\/div>\n\t\t\t\t<\/div>\n\t\t<div class=\"elementor-element elementor-element-e5462bb e-flex e-con-boxed e-con e-parent\" data-id=\"e5462bb\" data-element_type=\"container\" data-settings=\"{&quot;background_background&quot;:&quot;classic&quot;}\">\n\t\t\t\t\t<div class=\"e-con-inner\">\n\t\t<div class=\"elementor-element elementor-element-fccb9ce e-con-full e-flex e-con e-child\" data-id=\"fccb9ce\" data-element_type=\"container\">\n\t\t\t\t<div class=\"elementor-element elementor-element-cbfaa7a elementor-widget elementor-widget-image-box\" data-id=\"cbfaa7a\" data-element_type=\"widget\" data-widget_type=\"image-box.default\">\n\t\t\t\t<div class=\"elementor-widget-container\">\n\t\t\t\t\t<div class=\"elementor-image-box-wrapper\"><div class=\"elementor-image-box-content\"><h4 class=\"elementor-image-box-title\">C\u00f3mo llegar?<\/h4><p class=\"elementor-image-box-description\">El Parque Provincial Ischigualasto se encuentra ubicado al noreste de la provincia de San Juan, en los departamentos de Valle F\u00e9rtil y J\u00e1chal; y limita con la provincia de La Rioja al norte. Sus coordenadas geogr\u00e1ficas son 30\u00b0 09\u2032 46.96\u201d S y 67\u00b0 50\u2032 34.05\u201d O.<\/p><\/div><\/div>\t\t\t\t<\/div>\n\t\t\t\t<\/div>\n\t\t\t\t<div class=\"elementor-element elementor-element-a9373d1 elementor-widget elementor-widget-image\" data-id=\"a9373d1\" data-element_type=\"widget\" data-aos=\"fade-up\" data-aos-duration=\"3000\" data-widget_type=\"image.default\">\n\t\t\t\t<div class=\"elementor-widget-container\">\n\t\t\t\t\t\t\t\t\t\t\t\t\t\t\t<img fetchpriority=\"high\" decoding=\"async\" width=\"873\" height=\"861\" src=\"https:\/\/www.ischigualasto.gob.ar\/wp-content\/uploads\/2026\/02\/comollegar.png\" class=\"attachment-large size-large wp-image-1157\" alt=\"comollegar\" title=\"Como llegar\">\t\t\t\t\t\t\t\t\t\t\t\t\t\t\t<\/div>\n\t\t\t\t<\/div>\n\t\t\t\t<\/div>\n\t\t<div class=\"elementor-element elementor-element-f6626ec e-con-full e-flex e-con e-child\" data-id=\"f6626ec\" data-element_type=\"container\">\n\t\t\t\t<div class=\"elementor-element elementor-element-8f71d9b e-n-tabs-mobile elementor-widget elementor-widget-n-tabs\" data-id=\"8f71d9b\" data-element_type=\"widget\" data-settings=\"{&quot;horizontal_scroll&quot;:&quot;disable&quot;}\" data-aos=\"\" data-widget_type=\"nested-tabs.default\">\n\t\t\t\t<div class=\"elementor-widget-container\">\n\t\t\t\t\t\t\t<div class=\"e-n-tabs\" data-widget-number=\"150412699\" aria-label=\"Pesta\u00f1as. Abr\u00ed items con Enter o la Barra Espaciadora; cerr\u00e1 con Esc y naveg\u00e1 utilizando el teclado de flechas.\">\n\t\t\t<div class=\"e-n-tabs-heading\" role=\"tablist\">\n\t\t\t\t\t<button id=\"e-n-tab-title-1504126991\" data-tab-title-id=\"e-n-tab-title-1504126991\" class=\"e-n-tab-title\" aria-selected=\"true\" data-tab-index=\"1\" role=\"tab\" tabindex=\"0\" aria-controls=\"e-n-tab-content-1504126991\" style=\"--n-tabs-title-order: 1;\">\n\t\t\t\t\t\t<span class=\"e-n-tab-title-text\">\n\t\t\t\tRuta Nac. <\/br>N\u00b0 150\t\t\t<\/span>\n\t\t<\/button>\n\t\t\t\t<button id=\"e-n-tab-title-1504126992\" data-tab-title-id=\"e-n-tab-title-1504126992\" class=\"e-n-tab-title\" aria-selected=\"false\" data-tab-index=\"2\" role=\"tab\" tabindex=\"-1\" aria-controls=\"e-n-tab-content-1504126992\" style=\"--n-tabs-title-order: 2;\">\n\t\t\t\t\t\t<span class=\"e-n-tab-title-text\">\n\t\t\t\tRuta Prov. <\/br>N\u00b0 510\t\t\t<\/span>\n\t\t<\/button>\n\t\t\t\t<button id=\"e-n-tab-title-1504126993\" data-tab-title-id=\"e-n-tab-title-1504126993\" class=\"e-n-tab-title\" aria-selected=\"false\" data-tab-index=\"3\" role=\"tab\" tabindex=\"-1\" aria-controls=\"e-n-tab-content-1504126993\" style=\"--n-tabs-title-order: 3;\">\n\t\t\t\t\t\t<span class=\"e-n-tab-title-text\">\n\t\t\t\tDesde el Norte\t\t\t<\/span>\n\t\t<\/button>\n\t\t\t\t<button id=\"e-n-tab-title-1504126994\" data-tab-title-id=\"e-n-tab-title-1504126994\" class=\"e-n-tab-title\" aria-selected=\"false\" data-tab-index=\"4\" role=\"tab\" tabindex=\"-1\" aria-controls=\"e-n-tab-content-1504126994\" style=\"--n-tabs-title-order: 4;\">\n\t\t\t\t\t\t<span class=\"e-n-tab-title-text\">\n\t\t\t\tDesde el Este\t\t\t<\/span>\n\t\t<\/button>\n\t\t\t\t<button id=\"e-n-tab-title-1504126995\" data-tab-title-id=\"e-n-tab-title-1504126995\" class=\"e-n-tab-title\" aria-selected=\"false\" data-tab-index=\"5\" role=\"tab\" tabindex=\"-1\" aria-controls=\"e-n-tab-content-1504126995\" style=\"--n-tabs-title-order: 5;\">\n\t\t\t\t\t\t<span class=\"e-n-tab-title-text\">\n\t\t\t\tDesde el Sur\t\t\t<\/span>\n\t\t<\/button>\n\t\t\t\t\t<\/div>\n\t\t\t<div class=\"e-n-tabs-content\">\n\t\t\t\t<div id=\"e-n-tab-content-1504126991\" role=\"tabpanel\" aria-labelledby=\"e-n-tab-title-1504126991\" data-tab-index=\"1\" style=\"--n-tabs-title-order: 1;\" class=\"e-active elementor-element elementor-element-96b43d0 e-con-full e-flex e-con e-child\" data-id=\"96b43d0\" data-element_type=\"container\">\n\t\t\t\t<div class=\"elementor-element elementor-element-f179b3e elementor-widget elementor-widget-heading\" data-id=\"f179b3e\" data-element_type=\"widget\" data-widget_type=\"heading.default\">\n\t\t\t\t<div class=\"elementor-widget-container\">\n\t\t\t\t\t<h2 class=\"elementor-heading-title elementor-size-default\">Ruta Nac. N\u00b0 150<\/h2>\t\t\t\t<\/div>\n\t\t\t\t<\/div>\n\t\t\t\t<div class=\"elementor-element elementor-element-f45a8f3 elementor-widget elementor-widget-text-editor\" data-id=\"f45a8f3\" data-element_type=\"widget\" data-widget_type=\"text-editor.default\">\n\t\t\t\t<div class=\"elementor-widget-container\">\n\t\t\t\t\t\t\t\t\tLa Ruta Nacional 150 o Ruta esc\u00e9nica RN\u00b0 150 es una carretera argentina pavimentada (inaugurada en octubre de 2014), que se localiza en el sur de la Provincia de La Rioja y el centro norte de la Provincia de San Juan. En su recorrido de 389 kil\u00f3metros conecta la Ruta Nacional 38 en el km 356, en la localidad de Patqu\u00eda, con el Paso del Agua Negra, a 4779 msnm, en la frontera con Chile. La calzada contin\u00faa en la vecina naci\u00f3n como Ruta 41-CH, que conduce a la ciudad de La Serena.<\/br> <\/br>\nSe trata de una carretera integrante de un futuro corredor bioce\u00e1nico, tras la construcci\u00f3n de un t\u00fanel, en el mencionado paso fronterizo. Comunicando el centro de Argentina y los puertos del Pac\u00edfico y el Atl\u00e1ntico.\nEn esta carretera se encuentra el acceso al Parque provincial de Ischigualasto, tambi\u00e9n conocido como Valle de la Luna.\t\t\t\t\t\t\t\t<\/div>\n\t\t\t\t<\/div>\n\t\t\t\t<\/div>\n\t\t<div id=\"e-n-tab-content-1504126992\" role=\"tabpanel\" aria-labelledby=\"e-n-tab-title-1504126992\" data-tab-index=\"2\" style=\"--n-tabs-title-order: 2;\" class=\" elementor-element elementor-element-09c3e20 e-con-full e-flex e-con e-child\" data-id=\"09c3e20\" data-element_type=\"container\">\n\t\t\t\t<div class=\"elementor-element elementor-element-8549ad6 elementor-widget elementor-widget-heading\" data-id=\"8549ad6\" data-element_type=\"widget\" data-widget_type=\"heading.default\">\n\t\t\t\t<div class=\"elementor-widget-container\">\n\t\t\t\t\t<h2 class=\"elementor-heading-title elementor-size-default\">Ruta Prov. N\u00b0 510<\/h2>\t\t\t\t<\/div>\n\t\t\t\t<\/div>\n\t\t\t\t<div class=\"elementor-element elementor-element-e18c455 elementor-widget elementor-widget-text-editor\" data-id=\"e18c455\" data-element_type=\"widget\" data-widget_type=\"text-editor.default\">\n\t\t\t\t<div class=\"elementor-widget-container\">\n\t\t\t\t\t\t\t\t\tLa Ruta Provincial 510 es una carretera argentina, que se encuentra en el extremo este de la Provincia de San Juan. Cuyo recorrido es de 172 kil\u00f3metros, teniendo como extremos la Ruta Nacional 141 y la Ruta Nacional 150. <\/br><\/br>\nAtraviesa de norte a sur al Departamento Valle F\u00e9rtil, permitiendo una conexi\u00f3n directa con el Parque Provincial Ischigualasto.\nConecta todas las localidades del departamento mencionado con la ciudad cabecera, Villa San Agust\u00edn. A lo largo de su recorrido se observa un paisaje completamente serrano, con importante cantidad de vegetaci\u00f3n natural. Con una muy baja densidad de poblaci\u00f3n, donde se destacan peque\u00f1os n\u00facleos poblacionales ubicados a orillas de la ruta.\nTiene la particularidad de ser la ruta provincial m\u00e1s extensa de San Juan.\t\t\t\t\t\t\t\t<\/div>\n\t\t\t\t<\/div>\n\t\t\t\t<\/div>\n\t\t<div id=\"e-n-tab-content-1504126993\" role=\"tabpanel\" aria-labelledby=\"e-n-tab-title-1504126993\" data-tab-index=\"3\" style=\"--n-tabs-title-order: 3;\" class=\" elementor-element elementor-element-05df912 e-con-full e-flex e-con e-child\" data-id=\"05df912\" data-element_type=\"container\">\n\t\t\t\t<div class=\"elementor-element elementor-element-6192c35 elementor-widget elementor-widget-heading\" data-id=\"6192c35\" data-element_type=\"widget\" data-widget_type=\"heading.default\">\n\t\t\t\t<div class=\"elementor-widget-container\">\n\t\t\t\t\t<h2 class=\"elementor-heading-title elementor-size-default\">Desde el Norte<\/h2>\t\t\t\t<\/div>\n\t\t\t\t<\/div>\n\t\t\t\t<div class=\"elementor-element elementor-element-c381e73 elementor-widget elementor-widget-text-editor\" data-id=\"c381e73\" data-element_type=\"widget\" data-widget_type=\"text-editor.default\">\n\t\t\t\t<div class=\"elementor-widget-container\">\n\t\t\t\t\t\t\t\t\tDesde La Quiaca (Jujuy) bajando por Ruta Nacional N\u00b0 40 llegas a la provincia de San Juan directo y en la localidad de J\u00e1chal tom\u00e1s la Ruta Nacional N\u00b0 150 al este que te lleva directo al Parque Provincial Ischigualasto.\nTambi\u00e9n podes hacer el recorrido por Ruta Nacional N\u00b0 9 pasando por San Salvador de Jujuy (Jujuy) hasta San Miguel de Tucum\u00e1n (Tucum\u00e1n) y ah\u00ed siguiendo por Ruta Nac. N\u00b0 38 pasando por San Fernando del Valle de Catamarca (Catamarca) y por La Rioja hasta la localidad de Patqu\u00eda (La Rioja) tomando la Ruta Nac. N\u00b0 150 al oeste llegando a Parque Provincial Ischigualasto.<\/br><\/br>\nSi ven\u00eds m\u00e1s del Noreste podes hacerlo por Ruta Nac. N\u00b0 64 desde Santiago del Estero hasta la localidad de La Vi\u00f1a (Catamarca) donde tomas la Ruta Nac. N\u00b0 38 al sur pasando por San Fernando del Valle de Catamarca (Catamarca) y por La Rioja hasta la localidad de Patqu\u00eda (La Rioja) tomando la Ruta Nac. N\u00b0 150 al oeste llegando a Parque Provincial Ischigualasto.\t\t\t\t\t\t\t\t<\/div>\n\t\t\t\t<\/div>\n\t\t\t\t<\/div>\n\t\t<div id=\"e-n-tab-content-1504126994\" role=\"tabpanel\" aria-labelledby=\"e-n-tab-title-1504126994\" data-tab-index=\"4\" style=\"--n-tabs-title-order: 4;\" class=\" elementor-element elementor-element-9301f20 e-flex e-con-boxed e-con e-child\" data-id=\"9301f20\" data-element_type=\"container\">\n\t\t\t\t\t<div class=\"e-con-inner\">\n\t\t\t\t<div class=\"elementor-element elementor-element-f9716a8 elementor-widget elementor-widget-heading\" data-id=\"f9716a8\" data-element_type=\"widget\" data-widget_type=\"heading.default\">\n\t\t\t\t<div class=\"elementor-widget-container\">\n\t\t\t\t\t<h2 class=\"elementor-heading-title elementor-size-default\">Desde el Este<\/h2>\t\t\t\t<\/div>\n\t\t\t\t<\/div>\n\t\t\t\t<div class=\"elementor-element elementor-element-2dcb7fc elementor-widget elementor-widget-text-editor\" data-id=\"2dcb7fc\" data-element_type=\"widget\" data-widget_type=\"text-editor.default\">\n\t\t\t\t<div class=\"elementor-widget-container\">\n\t\t\t\t\t\t\t\t\tSi vienes desde C\u00f3rdoba puedes hacerlo por Ruta 38 al norte hasta la localidad de Patqu\u00eda (La Rioja) y tomando Ruta Nac. N\u00b0 150 el oeste para llegar directo a Parque Provincial Ischigualasto.<\/br><\/br>\nTambi\u00e9n puedes hacerlo a trav\u00e9s de la Ruta Nac. N\u00b0 7 si vienes desde Buenos Aires pasando por las localidades de Jun\u00edn (Buenos Aires), Vicu\u00f1a Makenna (C\u00f3rdoba), Villa Mercedes (San Luis), San Luis Capital tomando hacia el norte la Ruta Nac. N\u00b0 147 hasta empalmar con Ruta Nac. N\u00b0 20 al oeste pasando por El Enc\u00f3n (San Juan) hasta llegar a Caucete (San Juan) y tomar Ruta Nac. N\u00b0 147 al este hasta Ruta Prov. N\u00b0 510 que te lleva directo a Ruta Nac. N\u00b0 150 llegando a Parque Provincial Ischigualasto.\t\t\t\t\t\t\t\t<\/div>\n\t\t\t\t<\/div>\n\t\t\t\t\t<\/div>\n\t\t\t\t<\/div>\n\t\t<div id=\"e-n-tab-content-1504126995\" role=\"tabpanel\" aria-labelledby=\"e-n-tab-title-1504126995\" data-tab-index=\"5\" style=\"--n-tabs-title-order: 5;\" class=\" elementor-element elementor-element-102b885 e-flex e-con-boxed e-con e-child\" data-id=\"102b885\" data-element_type=\"container\">\n\t\t\t\t\t<div class=\"e-con-inner\">\n\t\t\t\t<div class=\"elementor-element elementor-element-88803cb elementor-widget elementor-widget-heading\" data-id=\"88803cb\" data-element_type=\"widget\" data-widget_type=\"heading.default\">\n\t\t\t\t<div class=\"elementor-widget-container\">\n\t\t\t\t\t<h2 class=\"elementor-heading-title elementor-size-default\">Desde el Sur<\/h2>\t\t\t\t<\/div>\n\t\t\t\t<\/div>\n\t\t\t\t<div class=\"elementor-element elementor-element-38eb6f6 elementor-widget elementor-widget-text-editor\" data-id=\"38eb6f6\" data-element_type=\"widget\" data-widget_type=\"text-editor.default\">\n\t\t\t\t<div class=\"elementor-widget-container\">\n\t\t\t\t\t\t\t\t\tDesde el Sur puedes venir por Ruta Nac. N\u00b0 40 pasando por localidades como Bariloche (R\u00edo Negro), Tunuy\u00e1n (Mendoza), Mendoza Capital, Media Agua (San Juan), San Juan Capital, Albard\u00f3n (San Juan) hasta J\u00e1chal donde tomamos Ruta Nac. N\u00b0 150 al este llegando directamente a Parque Provincial Ischigualasto.<\/br><\/br>\nTambi\u00e9n puedes llegar desde Ruta Nac. N\u00b0 3 hacia el norte pasando por localidades como Trelew (Chubut) tomando Ruta Nac. N\u00b0 251 en San Antonio hasta Ruta Nac. N\u00b0 22 al este hasta Ruta Nac. N\u00b0 154 al norte hasta Ruta Nac. N\u00b0 35 pasando por la localidad de Santa Rosa (La Pampa) hasta Vicu\u00f1a Makenna (C\u00f3rdoba) tomando Ruta Nac. N\u00b0 7 al oeste pasando por Villa Mercedes (San Luis), San Luis Capital tomando hacia el norte la Ruta Nac. N\u00b0 147 hasta empalmar con Ruta Nac. N\u00b0 20 al oeste pasando por El Enc\u00f3n (San Juan) hasta llegar a Caucete (San Juan) y tomar Ruta Nac. N\u00b0 147 al este hasta Ruta Prov. N\u00b0 510 que te lleva directo a Ruta Nac. N\u00b0 150 llegando a Parque Provincial Ischigualasto.\t\t\t\t\t\t\t\t<\/div>\n\t\t\t\t<\/div>\n\t\t\t\t\t<\/div>\n\t\t\t\t<\/div>\n\t\t\t\t\t<\/div>\n\t\t<\/div>\n\t\t\t\t\t\t<\/div>\n\t\t\t\t<\/div>\n\t\t\t\t<\/div>\n\t\t\t\t\t<\/div>\n\t\t\t\t<\/div>\n\t\t<div class=\"elementor-element elementor-element-a40fa50 e-flex e-con-boxed e-con e-parent\" data-id=\"a40fa50\" data-element_type=\"container\" data-settings=\"{&quot;background_background&quot;:&quot;classic&quot;}\" data-aos=\"zoom-in\">\n\t\t\t\t\t<div class=\"e-con-inner\">\n\t\t<div class=\"elementor-element elementor-element-cf860f8 e-con-full e-flex e-con e-child\" data-id=\"cf860f8\" data-element_type=\"container\">\n\t\t\t\t<div class=\"elementor-element elementor-element-6b29000 elementor-widget elementor-widget-heading\" data-id=\"6b29000\" data-element_type=\"widget\" data-widget_type=\"heading.default\">\n\t\t\t\t<div class=\"elementor-widget-container\">\n\t\t\t\t\t<h3 class=\"elementor-heading-title elementor-size-default\"><h3 style=\"color: #a25827\"><b>Eleg\u00ed<\/b> la ruta en el mapa de acuerdo <b>al origen<\/b> de donde <b>ven\u00eds<\/b><\/h3><\/h3>\t\t\t\t<\/div>\n\t\t\t\t<\/div>\n\t\t\t\t<\/div>\n\t\t\t\t\t<\/div>\n\t\t\t\t<\/div>\n\t\t<div class=\"elementor-element elementor-element-0abe01f e-con-full e-flex e-con e-parent\" data-id=\"0abe01f\" data-element_type=\"container\">\n\t\t\t\t<div class=\"elementor-element elementor-element-059b3d3 elementor-widget elementor-widget-html\" data-id=\"059b3d3\" data-element_type=\"widget\" data-widget_type=\"html.default\">\n\t\t\t\t<div class=\"elementor-widget-container\">\n\t\t\t\t\t<iframe src=\"https:\/\/www.google.com\/maps\/d\/embed?mid=15NhpekrsC8ehMCGdKLyemwaBK-9eppbr&ehbc=2E312F\" width=\"640\" height=\"480\"><\/iframe>\t\t\t\t<\/div>\n\t\t\t\t<\/div>\n\t\t\t\t<\/div>\n\t\t\t\t<\/div>\n\t\t","protected":false},"excerpt":{"rendered":"<p>Como llegar C\u00f3mo llegar? El Parque Provincial Ischigualasto se encuentra ubicado al noreste de la provincia de San Juan, en los departamentos de Valle F\u00e9rtil y J\u00e1chal; y limita con la provincia de La Rioja al norte. Sus coordenadas geogr\u00e1ficas son 30\u00b0 09\u2032 46.96\u201d S y 67\u00b0 50\u2032 34.05\u201d O. Ruta Nac. N\u00b0 150 Ruta [&hellip;]<\/p>\n","protected":false},"author":1,"featured_media":0,"parent":0,"menu_order":0,"comment_status":"closed","ping_status":"closed","template":"","meta":{"site-sidebar-layout":"no-sidebar","site-content-layout":"page-builder","ast-site-content-layout":"full-width-container","site-content-style":"unboxed","site-sidebar-style":"unboxed","ast-global-header-display":"","ast-banner-title-visibility":"","ast-main-header-display":"","ast-hfb-above-header-display":"","ast-hfb-below-header-display":"","ast-hfb-mobile-header-display":"","site-post-title":"disabled","ast-breadcrumbs-content":"","ast-featured-img":"disabled","footer-sml-layout":"","ast-disable-related-posts":"","theme-transparent-header-meta":"enabled","adv-header-id-meta":"","stick-header-meta":"","header-above-stick-meta":"","header-main-stick-meta":"","header-below-stick-meta":"","astra-migrate-meta-layouts":"set","ast-page-background-enabled":"default","ast-page-background-meta":{"desktop":{"background-color":"","background-image":"","background-repeat":"repeat","background-position":"center center","background-size":"auto","background-attachment":"scroll","background-type":"","background-media":"","overlay-type":"","overlay-color":"","overlay-opacity":"","overlay-gradient":""},"tablet":{"background-color":"","background-image":"","background-repeat":"repeat","background-position":"center center","background-size":"auto","background-attachment":"scroll","background-type":"","background-media":"","overlay-type":"","overlay-color":"","overlay-opacity":"","overlay-gradient":""},"mobile":{"background-color":"","background-image":"","background-repeat":"repeat","background-position":"center center","background-size":"auto","background-attachment":"scroll","background-type":"","background-media":"","overlay-type":"","overlay-color":"","overlay-opacity":"","overlay-gradient":""}},"ast-content-background-meta":{"desktop":{"background-color":"var(--ast-global-color-5)","background-image":"","background-repeat":"repeat","background-position":"center center","background-size":"auto","background-attachment":"scroll","background-type":"","background-media":"","overlay-type":"","overlay-color":"","overlay-opacity":"","overlay-gradient":""},"tablet":{"background-color":"var(--ast-global-color-5)","background-image":"","background-repeat":"repeat","background-position":"center center","background-size":"auto","background-attachment":"scroll","background-type":"","background-media":"","overlay-type":"","overlay-color":"","overlay-opacity":"","overlay-gradient":""},"mobile":{"background-color":"var(--ast-global-color-5)","background-image":"","background-repeat":"repeat","background-position":"center center","background-size":"auto","background-attachment":"scroll","background-type":"","background-media":"","overlay-type":"","overlay-color":"","overlay-opacity":"","overlay-gradient":""}},"footnotes":""},"class_list":["post-507","page","type-page","status-publish","hentry"],"_links":{"self":[{"href":"https:\/\/www.ischigualasto.gob.ar\/index.php?rest_route=\/wp\/v2\/pages\/507","targetHints":{"allow":["GET"]}}],"collection":[{"href":"https:\/\/www.ischigualasto.gob.ar\/index.php?rest_route=\/wp\/v2\/pages"}],"about":[{"href":"https:\/\/www.ischigualasto.gob.ar\/index.php?rest_route=\/wp\/v2\/types\/page"}],"author":[{"embeddable":true,"href":"https:\/\/www.ischigualasto.gob.ar\/index.php?rest_route=\/wp\/v2\/users\/1"}],"replies":[{"embeddable":true,"href":"https:\/\/www.ischigualasto.gob.ar\/index.php?rest_route=%2Fwp%2Fv2%2Fcomments&post=507"}],"version-history":[{"count":52,"href":"https:\/\/www.ischigualasto.gob.ar\/index.php?rest_route=\/wp\/v2\/pages\/507\/revisions"}],"predecessor-version":[{"id":2055,"href":"https:\/\/www.ischigualasto.gob.ar\/index.php?rest_route=\/wp\/v2\/pages\/507\/revisions\/2055"}],"wp:attachment":[{"href":"https:\/\/www.ischigualasto.gob.ar\/index.php?rest_route=%2Fwp%2Fv2%2Fmedia&parent=507"}],"curies":[{"name":"wp","href":"https:\/\/api.w.org\/{rel}","templated":true}]}}