{"id":1850,"date":"2026-02-22T10:59:31","date_gmt":"2026-02-22T13:59:31","guid":{"rendered":"http:\/\/localhost\/ischigualasto\/?page_id=1850"},"modified":"2026-03-12T18:34:17","modified_gmt":"2026-03-12T21:34:17","slug":"circuito-de-mountain-bike","status":"publish","type":"page","link":"https:\/\/www.ischigualasto.gob.ar\/?page_id=1850","title":{"rendered":"Circuito de Mountain Bike"},"content":{"rendered":"\t\t<div data-elementor-type=\"wp-page\" data-elementor-id=\"1850\" class=\"elementor elementor-1850\" data-elementor-post-type=\"page\">\n\t\t\t\t<div class=\"elementor-element elementor-element-ffa78a7 e-flex e-con-boxed e-con e-parent\" data-id=\"ffa78a7\" data-element_type=\"container\" data-settings=\"{&quot;background_background&quot;:&quot;classic&quot;,&quot;shape_divider_bottom&quot;:&quot;mountains&quot;}\">\n\t\t\t\t\t<div class=\"e-con-inner\">\n\t\t\t\t<div class=\"elementor-shape elementor-shape-bottom\" aria-hidden=\"true\" data-negative=\"false\">\n\t\t\t<svg xmlns=\"http:\/\/www.w3.org\/2000\/svg\" viewBox=\"0 0 1000 100\" preserveAspectRatio=\"none\">\n\t<path class=\"elementor-shape-fill\" opacity=\"0.33\" d=\"M473,67.3c-203.9,88.3-263.1-34-320.3,0C66,119.1,0,59.7,0,59.7V0h1000v59.7 c0,0-62.1,26.1-94.9,29.3c-32.8,3.3-62.8-12.3-75.8-22.1C806,49.6,745.3,8.7,694.9,4.7S492.4,59,473,67.3z\"\/>\n\t<path class=\"elementor-shape-fill\" opacity=\"0.66\" d=\"M734,67.3c-45.5,0-77.2-23.2-129.1-39.1c-28.6-8.7-150.3-10.1-254,39.1 s-91.7-34.4-149.2,0C115.7,118.3,0,39.8,0,39.8V0h1000v36.5c0,0-28.2-18.5-92.1-18.5C810.2,18.1,775.7,67.3,734,67.3z\"\/>\n\t<path class=\"elementor-shape-fill\" d=\"M766.1,28.9c-200-57.5-266,65.5-395.1,19.5C242,1.8,242,5.4,184.8,20.6C128,35.8,132.3,44.9,89.9,52.5C28.6,63.7,0,0,0,0 h1000c0,0-9.9,40.9-83.6,48.1S829.6,47,766.1,28.9z\"\/>\n<\/svg>\t\t<\/div>\n\t\t<div class=\"elementor-element elementor-element-24f41f9 e-con-full e-flex e-con e-child\" data-id=\"24f41f9\" data-element_type=\"container\">\n\t\t\t\t<div class=\"elementor-element elementor-element-45807f4 elementor-invisible elementor-widget elementor-widget-heading\" data-id=\"45807f4\" data-element_type=\"widget\" data-settings=\"{&quot;_animation&quot;:&quot;fadeIn&quot;}\" data-widget_type=\"heading.default\">\n\t\t\t\t<div class=\"elementor-widget-container\">\n\t\t\t\t\t<h1 class=\"elementor-heading-title elementor-size-default\">Circuito de Mountain Bike<\/h1>\t\t\t\t<\/div>\n\t\t\t\t<\/div>\n\t\t\t\t<\/div>\n\t\t\t\t\t<\/div>\n\t\t\t\t<\/div>\n\t\t<div class=\"elementor-element elementor-element-acaa407 e-flex e-con-boxed e-con e-parent\" data-id=\"acaa407\" data-element_type=\"container\">\n\t\t\t\t\t<div class=\"e-con-inner\">\n\t\t<div class=\"elementor-element elementor-element-1fc2ac6 e-con-full e-flex e-con e-child\" data-id=\"1fc2ac6\" data-element_type=\"container\">\n\t\t\t\t<div class=\"elementor-element elementor-element-f09e828 elementor-widget__width-auto elementor-widget elementor-widget-heading\" data-id=\"f09e828\" data-element_type=\"widget\" data-widget_type=\"heading.default\">\n\t\t\t\t<div class=\"elementor-widget-container\">\n\t\t\t\t\t<h2 class=\"elementor-heading-title elementor-size-default\">Circuito de Mountain Bike<\/h2>\t\t\t\t<\/div>\n\t\t\t\t<\/div>\n\t\t\t\t<div class=\"elementor-element elementor-element-4a2f50c elementor-widget__width-auto elementor-widget elementor-widget-text-editor\" data-id=\"4a2f50c\" data-element_type=\"widget\" data-widget_type=\"text-editor.default\">\n\t\t\t\t<div class=\"elementor-widget-container\">\n\t\t\t\t\t\t\t\t\t<p>Esta variante de visita, permite recorrer un \u00e1rea del Parque poco conocida, maravill\u00e1ndose de las figuras y colores del lugar, como as\u00ed tambi\u00e9n de la flora y fauna de Ischigualasto.<\/p><p>La misma es de 12 kms se realiza con gu\u00eda local. El Parque cuenta con bicicletas especialmente acondicionadas para este terreno, las cuales son ofrecidas al turista que desee ingresar en esta forma de visita.<\/p><p>Este circuito se realiza con reserva llamando a los tels., o enviando un Whatsapp, 264 457 0879, 264 418 6119, o por mail a la cuenta reservas.ischigualasto@gmail.com. Quedando sujeta la realizaci\u00f3n de la misma a las condiciones clim\u00e1ticas al momento de inicio del paseo.<\/p><hr class=\"wp-block-separator has-css-opacity\" \/><div class=\"sidepanel widget_info\"><ul class=\"work_info\"><li><i class=\"fa fa-info-circle\"><\/i>\u00a0<strong>Informaci\u00f3n del Circuito<\/strong><\/li><li><i class=\"fa fa-angle-right\"><\/i>\u00a0Distancia: 12 km.<\/li><li><i class=\"fa fa-angle-right\"><\/i>\u00a0Duraci\u00f3n Aproximada: 1:30 hs.<\/li><li><i class=\"fa fa-angle-right\"><\/i>\u00a0Modalidad: Bicicleta.<\/li><li><i class=\"fa fa-angle-right\"><\/i>\u00a0Dificultad: Medio-Alta.<\/li><li><i class=\"fa fa-angle-right\"><\/i>\u00a0Apto para mayores de 14 a\u00f1os.<\/li><li><i class=\"fa fa-angle-right\"><\/i>\u00a0Consultar horario seg\u00fan temporada.<\/li><\/ul><\/div>\t\t\t\t\t\t\t\t<\/div>\n\t\t\t\t<\/div>\n\t\t\t\t<\/div>\n\t\t<div class=\"elementor-element elementor-element-43afde2 e-con-full e-flex e-con e-child\" data-id=\"43afde2\" data-element_type=\"container\">\n\t\t\t\t<div class=\"elementor-element elementor-element-c571db9 elementor-widget elementor-widget-video\" data-id=\"c571db9\" data-element_type=\"widget\" data-settings=\"{&quot;youtube_url&quot;:&quot;https:\\\/\\\/youtu.be\\\/OSSMeLyo3U0?si=YxeN1ptaaVLRj56-&quot;,&quot;video_type&quot;:&quot;youtube&quot;,&quot;controls&quot;:&quot;yes&quot;}\" data-widget_type=\"video.default\">\n\t\t\t\t<div class=\"elementor-widget-container\">\n\t\t\t\t\t\t\t<div class=\"elementor-wrapper elementor-open-inline\">\n\t\t\t<div class=\"elementor-video\"><\/div>\t\t<\/div>\n\t\t\t\t\t\t<\/div>\n\t\t\t\t<\/div>\n\t\t\t\t<div class=\"elementor-element elementor-element-3ad567a gallery-spacing-custom elementor-widget elementor-widget-image-gallery\" data-id=\"3ad567a\" data-element_type=\"widget\" data-widget_type=\"image-gallery.default\">\n\t\t\t\t<div class=\"elementor-widget-container\">\n\t\t\t\t\t\t\t<div class=\"elementor-image-gallery\">\n\t\t\t<div id='gallery-1' class='gallery galleryid-1850 gallery-columns-4 gallery-size-medium'><figure class='gallery-item'>\n\t\t\t<div class='gallery-icon landscape'>\n\t\t\t\t<a data-elementor-open-lightbox=\"yes\" data-elementor-lightbox-slideshow=\"3ad567a\" data-e-action-hash=\"#elementor-action%3Aaction%3Dlightbox%26settings%3DeyJpZCI6MTg2MywidXJsIjoiaHR0cHM6XC9cL3d3dy5pc2NoaWd1YWxhc3RvLmdvYi5hclwvd3AtY29udGVudFwvdXBsb2Fkc1wvMjAyNlwvMDJcL01vdW50YWluLWJpa2UtY29waWEuanBnIiwic2xpZGVzaG93IjoiM2FkNTY3YSJ9\" href='https:\/\/www.ischigualasto.gob.ar\/wp-content\/uploads\/2026\/02\/Mountain-bike-copia.jpg'><img fetchpriority=\"high\" decoding=\"async\" width=\"300\" height=\"169\" src=\"https:\/\/www.ischigualasto.gob.ar\/wp-content\/uploads\/2026\/02\/Mountain-bike-copia.jpg\" class=\"attachment-medium size-medium\" alt=\"parque provincial ischigualasto\" title=\"Circuito de Mountain Bike\"><\/a>\n\t\t\t<\/div><\/figure><figure class='gallery-item'>\n\t\t\t<div class='gallery-icon landscape'>\n\t\t\t\t<a data-elementor-open-lightbox=\"yes\" data-elementor-lightbox-slideshow=\"3ad567a\" data-e-action-hash=\"#elementor-action%3Aaction%3Dlightbox%26settings%3DeyJpZCI6MTg2NCwidXJsIjoiaHR0cHM6XC9cL3d3dy5pc2NoaWd1YWxhc3RvLmdvYi5hclwvd3AtY29udGVudFwvdXBsb2Fkc1wvMjAyNlwvMDJcL01vdW50YWluLWJpa2UuLWNvcGlhLmpwZyIsInNsaWRlc2hvdyI6IjNhZDU2N2EifQ%3D%3D\" href='https:\/\/www.ischigualasto.gob.ar\/wp-content\/uploads\/2026\/02\/Mountain-bike.-copia.jpg'><img decoding=\"async\" width=\"300\" height=\"169\" src=\"https:\/\/www.ischigualasto.gob.ar\/wp-content\/uploads\/2026\/02\/Mountain-bike.-copia.jpg\" class=\"attachment-medium size-medium\" alt=\"parque provincial ischigualasto\" title=\"Circuito de Mountain Bike\"><\/a>\n\t\t\t<\/div><\/figure><figure class='gallery-item'>\n\t\t\t<div class='gallery-icon landscape'>\n\t\t\t\t<a data-elementor-open-lightbox=\"yes\" data-elementor-lightbox-slideshow=\"3ad567a\" data-e-action-hash=\"#elementor-action%3Aaction%3Dlightbox%26settings%3DeyJpZCI6MTg2NSwidXJsIjoiaHR0cHM6XC9cL3d3dy5pc2NoaWd1YWxhc3RvLmdvYi5hclwvd3AtY29udGVudFwvdXBsb2Fkc1wvMjAyNlwvMDJcL01vdW50YWluLWJpa2UxLWNvcGlhLmpwZyIsInNsaWRlc2hvdyI6IjNhZDU2N2EifQ%3D%3D\" href='https:\/\/www.ischigualasto.gob.ar\/wp-content\/uploads\/2026\/02\/Mountain-bike1-copia.jpg'><img decoding=\"async\" width=\"300\" height=\"169\" src=\"https:\/\/www.ischigualasto.gob.ar\/wp-content\/uploads\/2026\/02\/Mountain-bike1-copia.jpg\" class=\"attachment-medium size-medium\" alt=\"mountain bike1 copia\" title=\"Circuito de Mountain Bike\"><\/a>\n\t\t\t<\/div><\/figure><figure class='gallery-item'>\n\t\t\t<div class='gallery-icon landscape'>\n\t\t\t\t<a data-elementor-open-lightbox=\"yes\" data-elementor-lightbox-slideshow=\"3ad567a\" data-e-action-hash=\"#elementor-action%3Aaction%3Dlightbox%26settings%3DeyJpZCI6MTg2NiwidXJsIjoiaHR0cHM6XC9cL3d3dy5pc2NoaWd1YWxhc3RvLmdvYi5hclwvd3AtY29udGVudFwvdXBsb2Fkc1wvMjAyNlwvMDJcL01vdW50YWluLWJpa2UzLWNvcGlhLmpwZyIsInNsaWRlc2hvdyI6IjNhZDU2N2EifQ%3D%3D\" href='https:\/\/www.ischigualasto.gob.ar\/wp-content\/uploads\/2026\/02\/Mountain-bike3-copia.jpg'><img loading=\"lazy\" decoding=\"async\" width=\"300\" height=\"169\" src=\"https:\/\/www.ischigualasto.gob.ar\/wp-content\/uploads\/2026\/02\/Mountain-bike3-copia.jpg\" class=\"attachment-medium size-medium\" alt=\"parque provincial ischigualasto\" title=\"Circuito de Mountain Bike\"><\/a>\n\t\t\t<\/div><\/figure><figure class='gallery-item'>\n\t\t\t<div class='gallery-icon landscape'>\n\t\t\t\t<a data-elementor-open-lightbox=\"yes\" data-elementor-lightbox-slideshow=\"3ad567a\" data-e-action-hash=\"#elementor-action%3Aaction%3Dlightbox%26settings%3DeyJpZCI6MTg2NywidXJsIjoiaHR0cHM6XC9cL3d3dy5pc2NoaWd1YWxhc3RvLmdvYi5hclwvd3AtY29udGVudFwvdXBsb2Fkc1wvMjAyNlwvMDJcL01vdW50YWluLWJpa2U0LWNvcGlhLmpwZyIsInNsaWRlc2hvdyI6IjNhZDU2N2EifQ%3D%3D\" href='https:\/\/www.ischigualasto.gob.ar\/wp-content\/uploads\/2026\/02\/Mountain-bike4-copia.jpg'><img loading=\"lazy\" decoding=\"async\" width=\"300\" height=\"169\" src=\"https:\/\/www.ischigualasto.gob.ar\/wp-content\/uploads\/2026\/02\/Mountain-bike4-copia.jpg\" class=\"attachment-medium size-medium\" alt=\"parque provincial ischigualasto\" title=\"Circuito de Mountain Bike\"><\/a>\n\t\t\t<\/div><\/figure><figure class='gallery-item'>\n\t\t\t<div class='gallery-icon landscape'>\n\t\t\t\t<a data-elementor-open-lightbox=\"yes\" data-elementor-lightbox-slideshow=\"3ad567a\" data-e-action-hash=\"#elementor-action%3Aaction%3Dlightbox%26settings%3DeyJpZCI6MTg2OCwidXJsIjoiaHR0cHM6XC9cL3d3dy5pc2NoaWd1YWxhc3RvLmdvYi5hclwvd3AtY29udGVudFwvdXBsb2Fkc1wvMjAyNlwvMDJcL01vdW50YWluLWJpa2U1LWNvcGlhLmpwZyIsInNsaWRlc2hvdyI6IjNhZDU2N2EifQ%3D%3D\" href='https:\/\/www.ischigualasto.gob.ar\/wp-content\/uploads\/2026\/02\/Mountain-bike5-copia.jpg'><img loading=\"lazy\" decoding=\"async\" width=\"300\" height=\"169\" src=\"https:\/\/www.ischigualasto.gob.ar\/wp-content\/uploads\/2026\/02\/Mountain-bike5-copia.jpg\" class=\"attachment-medium size-medium\" alt=\"parque provincial ischigualasto\" title=\"Circuito de Mountain Bike\"><\/a>\n\t\t\t<\/div><\/figure><figure class='gallery-item'>\n\t\t\t<div class='gallery-icon landscape'>\n\t\t\t\t<a data-elementor-open-lightbox=\"yes\" data-elementor-lightbox-slideshow=\"3ad567a\" data-e-action-hash=\"#elementor-action%3Aaction%3Dlightbox%26settings%3DeyJpZCI6MTg2OSwidXJsIjoiaHR0cHM6XC9cL3d3dy5pc2NoaWd1YWxhc3RvLmdvYi5hclwvd3AtY29udGVudFwvdXBsb2Fkc1wvMjAyNlwvMDJcL01vdW50YWluLWJpa2U2LWNvcGlhLmpwZyIsInNsaWRlc2hvdyI6IjNhZDU2N2EifQ%3D%3D\" href='https:\/\/www.ischigualasto.gob.ar\/wp-content\/uploads\/2026\/02\/Mountain-bike6-copia.jpg'><img loading=\"lazy\" decoding=\"async\" width=\"300\" height=\"169\" src=\"https:\/\/www.ischigualasto.gob.ar\/wp-content\/uploads\/2026\/02\/Mountain-bike6-copia.jpg\" class=\"attachment-medium size-medium\" alt=\"parque provincial ischigualasto\" aria-describedby=\"gallery-1-1869\" title=\"Circuito de Mountain Bike\"><\/a>\n\t\t\t<\/div>\n\t\t\t\t<figcaption class='wp-caption-text gallery-caption' id='gallery-1-1869'>\n\t\t\t\t???????\n\t\t\t\t<\/figcaption><\/figure><figure class='gallery-item'>\n\t\t\t<div class='gallery-icon landscape'>\n\t\t\t\t<a data-elementor-open-lightbox=\"yes\" data-elementor-lightbox-slideshow=\"3ad567a\" data-e-action-hash=\"#elementor-action%3Aaction%3Dlightbox%26settings%3DeyJpZCI6MTg3MCwidXJsIjoiaHR0cHM6XC9cL3d3dy5pc2NoaWd1YWxhc3RvLmdvYi5hclwvd3AtY29udGVudFwvdXBsb2Fkc1wvMjAyNlwvMDJcL01vdW50YWluLWJpa2U3LWNvcGlhLmpwZyIsInNsaWRlc2hvdyI6IjNhZDU2N2EifQ%3D%3D\" href='https:\/\/www.ischigualasto.gob.ar\/wp-content\/uploads\/2026\/02\/Mountain-bike7-copia.jpg'><img loading=\"lazy\" decoding=\"async\" width=\"300\" height=\"169\" src=\"https:\/\/www.ischigualasto.gob.ar\/wp-content\/uploads\/2026\/02\/Mountain-bike7-copia.jpg\" class=\"attachment-medium size-medium\" alt=\"parque provincial ischigualasto\" aria-describedby=\"gallery-1-1870\" title=\"Circuito de Mountain Bike\"><\/a>\n\t\t\t<\/div>\n\t\t\t\t<figcaption class='wp-caption-text gallery-caption' id='gallery-1-1870'>\n\t\t\t\t???????\n\t\t\t\t<\/figcaption><\/figure>\n\t\t<\/div>\n\t\t<\/div>\n\t\t\t\t\t\t<\/div>\n\t\t\t\t<\/div>\n\t\t\t\t<\/div>\n\t\t\t\t\t<\/div>\n\t\t\t\t<\/div>\n\t\t<div class=\"elementor-element elementor-element-5a6ca86 e-flex e-con-boxed e-con e-parent\" data-id=\"5a6ca86\" data-element_type=\"container\" data-settings=\"{&quot;shape_divider_top&quot;:&quot;opacity-tilt&quot;,&quot;shape_divider_bottom&quot;:&quot;opacity-tilt&quot;}\" data-aos=\"fade-up\" data-aos-duration=\"3000\">\n\t\t\t\t\t<div class=\"e-con-inner\">\n\t\t\t\t<div class=\"elementor-shape elementor-shape-top\" aria-hidden=\"true\" data-negative=\"false\">\n\t\t\t<svg xmlns=\"http:\/\/www.w3.org\/2000\/svg\" viewBox=\"0 0 2600 131.1\" preserveAspectRatio=\"none\">\n\t<path class=\"elementor-shape-fill\" d=\"M0 0L2600 0 2600 69.1 0 0z\"\/>\n\t<path class=\"elementor-shape-fill\" style=\"opacity:0.5\" d=\"M0 0L2600 0 2600 69.1 0 69.1z\"\/>\n\t<path class=\"elementor-shape-fill\" style=\"opacity:0.25\" d=\"M2600 0L0 0 0 130.1 2600 69.1z\"\/>\n<\/svg>\t\t<\/div>\n\t\t\t\t<div class=\"elementor-shape elementor-shape-bottom\" aria-hidden=\"true\" data-negative=\"false\">\n\t\t\t<svg xmlns=\"http:\/\/www.w3.org\/2000\/svg\" viewBox=\"0 0 2600 131.1\" preserveAspectRatio=\"none\">\n\t<path class=\"elementor-shape-fill\" d=\"M0 0L2600 0 2600 69.1 0 0z\"\/>\n\t<path class=\"elementor-shape-fill\" style=\"opacity:0.5\" d=\"M0 0L2600 0 2600 69.1 0 69.1z\"\/>\n\t<path class=\"elementor-shape-fill\" style=\"opacity:0.25\" d=\"M2600 0L0 0 0 130.1 2600 69.1z\"\/>\n<\/svg>\t\t<\/div>\n\t\t\t\t<div class=\"elementor-element elementor-element-020bf27 elementor-widget elementor-widget-heading\" data-id=\"020bf27\" data-element_type=\"widget\" data-widget_type=\"heading.default\">\n\t\t\t\t<div class=\"elementor-widget-container\">\n\t\t\t\t\t<h2 class=\"elementor-heading-title elementor-size-default\">CIRCUITOS EN GENERAL<\/h2>\t\t\t\t<\/div>\n\t\t\t\t<\/div>\n\t\t\t\t<div class=\"elementor-element elementor-element-928e6a3 elementor-widget-divider--view-line elementor-widget elementor-widget-divider\" data-id=\"928e6a3\" data-element_type=\"widget\" data-widget_type=\"divider.default\">\n\t\t\t\t<div class=\"elementor-widget-container\">\n\t\t\t\t\t\t\t<div class=\"elementor-divider\">\n\t\t\t<span class=\"elementor-divider-separator\">\n\t\t\t\t\t\t<\/span>\n\t\t<\/div>\n\t\t\t\t\t\t<\/div>\n\t\t\t\t<\/div>\n\t\t<div class=\"elementor-element elementor-element-5271eb8 e-flex e-con-boxed e-con e-child\" data-id=\"5271eb8\" data-element_type=\"container\">\n\t\t\t\t\t<div class=\"e-con-inner\">\n\t\t\t\t<div class=\"elementor-element elementor-element-cdfc552 elementor-widget elementor-widget-text-editor\" data-id=\"cdfc552\" data-element_type=\"widget\" data-widget_type=\"text-editor.default\">\n\t\t\t\t<div class=\"elementor-widget-container\">\n\t\t\t\t\t\t\t\t\t<h5>De 8:00hs a 17:00hs. Ingresos regulares cada 1 hora.<\/h5><h5><strong>Observaci\u00f3n:<\/strong> por las altas temperaturas se disponen ingresos solo hasta las 11:00hs retomando a las 16:00hs y 17:00hs.<\/h5>\t\t\t\t\t\t\t\t<\/div>\n\t\t\t\t<\/div>\n\t\t\t\t\t<\/div>\n\t\t\t\t<\/div>\n\t\t\t\t\t<\/div>\n\t\t\t\t<\/div>\n\t\t<div class=\"elementor-element elementor-element-c857ccf e-flex e-con-boxed e-con e-parent\" data-id=\"c857ccf\" data-element_type=\"container\" data-settings=\"{&quot;background_background&quot;:&quot;classic&quot;,&quot;shape_divider_bottom&quot;:&quot;opacity-tilt&quot;}\">\n\t\t\t\t\t<div class=\"e-con-inner\">\n\t\t\t\t<div class=\"elementor-shape elementor-shape-bottom\" aria-hidden=\"true\" data-negative=\"false\">\n\t\t\t<svg xmlns=\"http:\/\/www.w3.org\/2000\/svg\" viewBox=\"0 0 2600 131.1\" preserveAspectRatio=\"none\">\n\t<path class=\"elementor-shape-fill\" d=\"M0 0L2600 0 2600 69.1 0 0z\"\/>\n\t<path class=\"elementor-shape-fill\" style=\"opacity:0.5\" d=\"M0 0L2600 0 2600 69.1 0 69.1z\"\/>\n\t<path class=\"elementor-shape-fill\" style=\"opacity:0.25\" d=\"M2600 0L0 0 0 130.1 2600 69.1z\"\/>\n<\/svg>\t\t<\/div>\n\t\t<div class=\"elementor-element elementor-element-31465b6 e-grid e-con-full e-con e-child\" data-id=\"31465b6\" data-element_type=\"container\">\n\t\t\t\t<div class=\"elementor-element elementor-element-9d80c65 elementor-widget elementor-widget-text-editor\" data-id=\"9d80c65\" data-element_type=\"widget\" data-widget_type=\"text-editor.default\">\n\t\t\t\t<div class=\"elementor-widget-container\">\n\t\t\t\t\t\t\t\t\t<h5>Horarios de Alternativos hasta el 21\/03<\/h5><p>\u2022\u2060 \u2060Rio Salado 8:00hs y 16:00hs<br \/>\u2022\u2060 \u2060Cerro Morado 8:00hs<br \/>\u2022\u2060 \u2060Mountain Bike 16:00hs<\/p>\t\t\t\t\t\t\t\t<\/div>\n\t\t\t\t<\/div>\n\t\t\t\t<div class=\"elementor-element elementor-element-08f1f4b elementor-widget elementor-widget-text-editor\" data-id=\"08f1f4b\" data-element_type=\"widget\" data-widget_type=\"text-editor.default\">\n\t\t\t\t<div class=\"elementor-widget-container\">\n\t\t\t\t\t\t\t\t\t<h5>Horarios de Alternativos del 21\/3 en adelante<\/h5><p>(temporada oto\u00f1o invierno)<br \/>\u2022\u2060 \u2060R\u00edo Salado 9:00hs<br \/>\u2022\u2060 \u2060Cerro Morado 15:00hs<br \/>\u2022\u2060 \u2060Mountain Bike 12:30hs<\/p>\t\t\t\t\t\t\t\t<\/div>\n\t\t\t\t<\/div>\n\t\t\t\t<\/div>\n\t\t\t\t\t<\/div>\n\t\t\t\t<\/div>\n\t\t\t\t<\/div>\n\t\t","protected":false},"excerpt":{"rendered":"<p>Circuito de Mountain Bike Circuito de Mountain Bike Esta variante de visita, permite recorrer un \u00e1rea del Parque poco conocida, maravill\u00e1ndose de las figuras y colores del lugar, como as\u00ed tambi\u00e9n de la flora y fauna de Ischigualasto. La misma es de 12 kms se realiza con gu\u00eda local. El Parque cuenta con bicicletas especialmente [&hellip;]<\/p>\n","protected":false},"author":1,"featured_media":0,"parent":0,"menu_order":0,"comment_status":"closed","ping_status":"closed","template":"","meta":{"site-sidebar-layout":"no-sidebar","site-content-layout":"page-builder","ast-site-content-layout":"full-width-container","site-content-style":"default","site-sidebar-style":"default","ast-global-header-display":"","ast-banner-title-visibility":"","ast-main-header-display":"","ast-hfb-above-header-display":"","ast-hfb-below-header-display":"","ast-hfb-mobile-header-display":"","site-post-title":"disabled","ast-breadcrumbs-content":"","ast-featured-img":"disabled","footer-sml-layout":"","ast-disable-related-posts":"","theme-transparent-header-meta":"enabled","adv-header-id-meta":"","stick-header-meta":"","header-above-stick-meta":"","header-main-stick-meta":"","header-below-stick-meta":"","astra-migrate-meta-layouts":"set","ast-page-background-enabled":"default","ast-page-background-meta":{"desktop":{"background-color":"","background-image":"","background-repeat":"repeat","background-position":"center center","background-size":"auto","background-attachment":"scroll","background-type":"","background-media":"","overlay-type":"","overlay-color":"","overlay-opacity":"","overlay-gradient":""},"tablet":{"background-color":"","background-image":"","background-repeat":"repeat","background-position":"center center","background-size":"auto","background-attachment":"scroll","background-type":"","background-media":"","overlay-type":"","overlay-color":"","overlay-opacity":"","overlay-gradient":""},"mobile":{"background-color":"","background-image":"","background-repeat":"repeat","background-position":"center center","background-size":"auto","background-attachment":"scroll","background-type":"","background-media":"","overlay-type":"","overlay-color":"","overlay-opacity":"","overlay-gradient":""}},"ast-content-background-meta":{"desktop":{"background-color":"var(--ast-global-color-5)","background-image":"","background-repeat":"repeat","background-position":"center center","background-size":"auto","background-attachment":"scroll","background-type":"","background-media":"","overlay-type":"","overlay-color":"","overlay-opacity":"","overlay-gradient":""},"tablet":{"background-color":"var(--ast-global-color-5)","background-image":"","background-repeat":"repeat","background-position":"center center","background-size":"auto","background-attachment":"scroll","background-type":"","background-media":"","overlay-type":"","overlay-color":"","overlay-opacity":"","overlay-gradient":""},"mobile":{"background-color":"var(--ast-global-color-5)","background-image":"","background-repeat":"repeat","background-position":"center center","background-size":"auto","background-attachment":"scroll","background-type":"","background-media":"","overlay-type":"","overlay-color":"","overlay-opacity":"","overlay-gradient":""}},"footnotes":""},"class_list":["post-1850","page","type-page","status-publish","hentry"],"_links":{"self":[{"href":"https:\/\/www.ischigualasto.gob.ar\/index.php?rest_route=\/wp\/v2\/pages\/1850","targetHints":{"allow":["GET"]}}],"collection":[{"href":"https:\/\/www.ischigualasto.gob.ar\/index.php?rest_route=\/wp\/v2\/pages"}],"about":[{"href":"https:\/\/www.ischigualasto.gob.ar\/index.php?rest_route=\/wp\/v2\/types\/page"}],"author":[{"embeddable":true,"href":"https:\/\/www.ischigualasto.gob.ar\/index.php?rest_route=\/wp\/v2\/users\/1"}],"replies":[{"embeddable":true,"href":"https:\/\/www.ischigualasto.gob.ar\/index.php?rest_route=%2Fwp%2Fv2%2Fcomments&post=1850"}],"version-history":[{"count":22,"href":"https:\/\/www.ischigualasto.gob.ar\/index.php?rest_route=\/wp\/v2\/pages\/1850\/revisions"}],"predecessor-version":[{"id":2212,"href":"https:\/\/www.ischigualasto.gob.ar\/index.php?rest_route=\/wp\/v2\/pages\/1850\/revisions\/2212"}],"wp:attachment":[{"href":"https:\/\/www.ischigualasto.gob.ar\/index.php?rest_route=%2Fwp%2Fv2%2Fmedia&parent=1850"}],"curies":[{"name":"wp","href":"https:\/\/api.w.org\/{rel}","templated":true}]}}