{"id":1823,"date":"2026-02-22T09:25:56","date_gmt":"2026-02-22T12:25:56","guid":{"rendered":"http:\/\/localhost\/ischigualasto\/?page_id=1823"},"modified":"2026-03-13T11:35:16","modified_gmt":"2026-03-13T14:35:16","slug":"circuito-caminata-al-cerro-morado","status":"publish","type":"page","link":"https:\/\/www.ischigualasto.gob.ar\/?page_id=1823","title":{"rendered":"Circuito Caminata al Cerro Morado"},"content":{"rendered":"\t\t<div data-elementor-type=\"wp-page\" data-elementor-id=\"1823\" class=\"elementor elementor-1823\" data-elementor-post-type=\"page\">\n\t\t\t\t<div class=\"elementor-element elementor-element-be71ec2 e-flex e-con-boxed e-con e-parent\" data-id=\"be71ec2\" data-element_type=\"container\" data-settings=\"{&quot;background_background&quot;:&quot;classic&quot;,&quot;shape_divider_bottom&quot;:&quot;mountains&quot;}\">\n\t\t\t\t\t<div class=\"e-con-inner\">\n\t\t\t\t<div class=\"elementor-shape elementor-shape-bottom\" aria-hidden=\"true\" data-negative=\"false\">\n\t\t\t<svg xmlns=\"http:\/\/www.w3.org\/2000\/svg\" viewBox=\"0 0 1000 100\" preserveAspectRatio=\"none\">\n\t<path class=\"elementor-shape-fill\" opacity=\"0.33\" d=\"M473,67.3c-203.9,88.3-263.1-34-320.3,0C66,119.1,0,59.7,0,59.7V0h1000v59.7 c0,0-62.1,26.1-94.9,29.3c-32.8,3.3-62.8-12.3-75.8-22.1C806,49.6,745.3,8.7,694.9,4.7S492.4,59,473,67.3z\"\/>\n\t<path class=\"elementor-shape-fill\" opacity=\"0.66\" d=\"M734,67.3c-45.5,0-77.2-23.2-129.1-39.1c-28.6-8.7-150.3-10.1-254,39.1 s-91.7-34.4-149.2,0C115.7,118.3,0,39.8,0,39.8V0h1000v36.5c0,0-28.2-18.5-92.1-18.5C810.2,18.1,775.7,67.3,734,67.3z\"\/>\n\t<path class=\"elementor-shape-fill\" d=\"M766.1,28.9c-200-57.5-266,65.5-395.1,19.5C242,1.8,242,5.4,184.8,20.6C128,35.8,132.3,44.9,89.9,52.5C28.6,63.7,0,0,0,0 h1000c0,0-9.9,40.9-83.6,48.1S829.6,47,766.1,28.9z\"\/>\n<\/svg>\t\t<\/div>\n\t\t<div class=\"elementor-element elementor-element-fcf0671 e-con-full e-flex e-con e-child\" data-id=\"fcf0671\" data-element_type=\"container\">\n\t\t\t\t<div class=\"elementor-element elementor-element-18a833b elementor-invisible elementor-widget elementor-widget-heading\" data-id=\"18a833b\" data-element_type=\"widget\" data-settings=\"{&quot;_animation&quot;:&quot;fadeIn&quot;}\" data-widget_type=\"heading.default\">\n\t\t\t\t<div class=\"elementor-widget-container\">\n\t\t\t\t\t<h1 class=\"elementor-heading-title elementor-size-default\">Caminata al Cerro Morado<\/h1>\t\t\t\t<\/div>\n\t\t\t\t<\/div>\n\t\t\t\t<\/div>\n\t\t\t\t\t<\/div>\n\t\t\t\t<\/div>\n\t\t<div class=\"elementor-element elementor-element-b63bd01 e-flex e-con-boxed e-con e-parent\" data-id=\"b63bd01\" data-element_type=\"container\">\n\t\t\t\t\t<div class=\"e-con-inner\">\n\t\t<div class=\"elementor-element elementor-element-848e071 e-con-full e-flex e-con e-child\" data-id=\"848e071\" data-element_type=\"container\">\n\t\t\t\t<div class=\"elementor-element elementor-element-351ae34 elementor-widget__width-auto elementor-widget elementor-widget-heading\" data-id=\"351ae34\" data-element_type=\"widget\" data-widget_type=\"heading.default\">\n\t\t\t\t<div class=\"elementor-widget-container\">\n\t\t\t\t\t<h2 class=\"elementor-heading-title elementor-size-default\">Circuito Caminata al Cerro Morado<\/h2>\t\t\t\t<\/div>\n\t\t\t\t<\/div>\n\t\t\t\t<div class=\"elementor-element elementor-element-5d840c5 elementor-widget__width-auto elementor-widget elementor-widget-text-editor\" data-id=\"5d840c5\" data-element_type=\"widget\" data-widget_type=\"text-editor.default\">\n\t\t\t\t<div class=\"elementor-widget-container\">\n\t\t\t\t\t\t\t\t\t<p>Esta variante permite ascender a la cima del Cerro Morado que al ser la altura m\u00e1s elevada del Parque (1.800 msnm), se obtiene una vista panor\u00e1mica en donde se puede apreciar una multiplicidad de colores.<\/p><p>Durante el ascenso se puede conocer la flora aut\u00f3ctona como as\u00ed tambi\u00e9n la fauna, acompa\u00f1ados durante el recorrido por las aves que sobrevuelan a cada momento.<\/p><p>La duraci\u00f3n del recorrido es de aproximadamente tres horas encontr\u00e1ndose en ese lapso de tiempo la permanencia en la cima.<\/p><p>Este circuito se realiza con reserva llamando a los tels., o enviando un Whatsapp, 264 457 0879, 264 418 6119, o por mail a la cuenta reservas.ischigualasto@gmail.com. Quedando sujeta la realizaci\u00f3n de la misma a las condiciones clim\u00e1ticas al momento de inicio del paseo.\u00a0<\/p><hr class=\"wp-block-separator has-css-opacity\" \/><div class=\"sidepanel widget_info\"><ul class=\"work_info\"><li><i class=\"fa fa-info-circle\"><\/i>\u00a0<strong>Informaci\u00f3n del Circuito<\/strong><\/li><li><i class=\"fa fa-angle-right\"><\/i>\u00a0Distancia: 5,73 Km.<\/li><li><i class=\"fa fa-angle-right\"><\/i>\u00a0Altura: 1.790 msnm.<\/li><li><i class=\"fa fa-angle-right\"><\/i>\u00a0Duraci\u00f3n Aproximada: 3:00 hs.<\/li><li><i class=\"fa fa-angle-right\"><\/i>\u00a0Modalidad: Trekking<\/li><li><i class=\"fa fa-angle-right\"><\/i>\u00a0Dificultad: Alta desde lo t\u00e9cnico y f\u00edsico.<\/li><li><i class=\"fa fa-angle-right\"><\/i>\u00a0Apto para mayores de 14 a\u00f1os.<\/li><li><i class=\"fa fa-angle-right\"><\/i>\u00a0Consultar horario seg\u00fan temporada.<\/li><\/ul><\/div>\t\t\t\t\t\t\t\t<\/div>\n\t\t\t\t<\/div>\n\t\t\t\t<\/div>\n\t\t<div class=\"elementor-element elementor-element-da18a52 e-con-full e-flex e-con e-child\" data-id=\"da18a52\" data-element_type=\"container\">\n\t\t\t\t<div class=\"elementor-element elementor-element-2a6ffd2 elementor-widget elementor-widget-video\" data-id=\"2a6ffd2\" data-element_type=\"widget\" data-settings=\"{&quot;youtube_url&quot;:&quot;https:\\\/\\\/youtu.be\\\/0vrpMA0ZpzY?si=FdaqGZZokvKI01iw&quot;,&quot;video_type&quot;:&quot;youtube&quot;,&quot;controls&quot;:&quot;yes&quot;}\" data-widget_type=\"video.default\">\n\t\t\t\t<div class=\"elementor-widget-container\">\n\t\t\t\t\t\t\t<div class=\"elementor-wrapper elementor-open-inline\">\n\t\t\t<div class=\"elementor-video\"><\/div>\t\t<\/div>\n\t\t\t\t\t\t<\/div>\n\t\t\t\t<\/div>\n\t\t\t\t<div class=\"elementor-element elementor-element-93a7d39 gallery-spacing-custom elementor-widget elementor-widget-image-gallery\" data-id=\"93a7d39\" data-element_type=\"widget\" data-widget_type=\"image-gallery.default\">\n\t\t\t\t<div class=\"elementor-widget-container\">\n\t\t\t\t\t\t\t<div class=\"elementor-image-gallery\">\n\t\t\t<div id='gallery-1' class='gallery galleryid-1823 gallery-columns-4 gallery-size-medium'><figure class='gallery-item'>\n\t\t\t<div class='gallery-icon landscape'>\n\t\t\t\t<a data-elementor-open-lightbox=\"yes\" data-elementor-lightbox-slideshow=\"93a7d39\" data-e-action-hash=\"#elementor-action%3Aaction%3Dlightbox%26settings%3DeyJpZCI6MTgzNSwidXJsIjoiaHR0cHM6XC9cL3d3dy5pc2NoaWd1YWxhc3RvLmdvYi5hclwvd3AtY29udGVudFwvdXBsb2Fkc1wvMjAyNlwvMDJcL2NlcnJvLW1vcmFkby00LmpwZyIsInNsaWRlc2hvdyI6IjkzYTdkMzkifQ%3D%3D\" href='https:\/\/www.ischigualasto.gob.ar\/wp-content\/uploads\/2026\/02\/cerro-morado-4.jpg'><img fetchpriority=\"high\" decoding=\"async\" width=\"300\" height=\"169\" src=\"https:\/\/www.ischigualasto.gob.ar\/wp-content\/uploads\/2026\/02\/cerro-morado-4.jpg\" class=\"attachment-medium size-medium\" alt=\"default\" aria-describedby=\"gallery-1-1835\" title=\"Circuito Caminata al Cerro Morado\"><\/a>\n\t\t\t<\/div>\n\t\t\t\t<figcaption class='wp-caption-text gallery-caption' id='gallery-1-1835'>\n\t\t\t\tdefault\n\t\t\t\t<\/figcaption><\/figure><figure class='gallery-item'>\n\t\t\t<div class='gallery-icon landscape'>\n\t\t\t\t<a data-elementor-open-lightbox=\"yes\" data-elementor-lightbox-slideshow=\"93a7d39\" data-e-action-hash=\"#elementor-action%3Aaction%3Dlightbox%26settings%3DeyJpZCI6MTgzNiwidXJsIjoiaHR0cHM6XC9cL3d3dy5pc2NoaWd1YWxhc3RvLmdvYi5hclwvd3AtY29udGVudFwvdXBsb2Fkc1wvMjAyNlwvMDJcL2NlcnJvLW1vcmFkby0xLmpwZyIsInNsaWRlc2hvdyI6IjkzYTdkMzkifQ%3D%3D\" href='https:\/\/www.ischigualasto.gob.ar\/wp-content\/uploads\/2026\/02\/cerro-morado-1.jpg'><img decoding=\"async\" width=\"300\" height=\"169\" src=\"https:\/\/www.ischigualasto.gob.ar\/wp-content\/uploads\/2026\/02\/cerro-morado-1.jpg\" class=\"attachment-medium size-medium\" alt=\"default\" aria-describedby=\"gallery-1-1836\" title=\"Circuito Caminata al Cerro Morado\"><\/a>\n\t\t\t<\/div>\n\t\t\t\t<figcaption class='wp-caption-text gallery-caption' id='gallery-1-1836'>\n\t\t\t\tdefault\n\t\t\t\t<\/figcaption><\/figure><figure class='gallery-item'>\n\t\t\t<div class='gallery-icon landscape'>\n\t\t\t\t<a data-elementor-open-lightbox=\"yes\" data-elementor-lightbox-slideshow=\"93a7d39\" data-e-action-hash=\"#elementor-action%3Aaction%3Dlightbox%26settings%3DeyJpZCI6MTgzNywidXJsIjoiaHR0cHM6XC9cL3d3dy5pc2NoaWd1YWxhc3RvLmdvYi5hclwvd3AtY29udGVudFwvdXBsb2Fkc1wvMjAyNlwvMDJcL2NlcnJvLW1vcmFkbzIuanBnIiwic2xpZGVzaG93IjoiOTNhN2QzOSJ9\" href='https:\/\/www.ischigualasto.gob.ar\/wp-content\/uploads\/2026\/02\/cerro-morado2.jpg'><img decoding=\"async\" width=\"300\" height=\"169\" src=\"https:\/\/www.ischigualasto.gob.ar\/wp-content\/uploads\/2026\/02\/cerro-morado2.jpg\" class=\"attachment-medium size-medium\" alt=\"cerro morado2\" title=\"Circuito Caminata al Cerro Morado\"><\/a>\n\t\t\t<\/div><\/figure><figure class='gallery-item'>\n\t\t\t<div class='gallery-icon landscape'>\n\t\t\t\t<a data-elementor-open-lightbox=\"yes\" data-elementor-lightbox-slideshow=\"93a7d39\" data-e-action-hash=\"#elementor-action%3Aaction%3Dlightbox%26settings%3DeyJpZCI6MTgzOCwidXJsIjoiaHR0cHM6XC9cL3d3dy5pc2NoaWd1YWxhc3RvLmdvYi5hclwvd3AtY29udGVudFwvdXBsb2Fkc1wvMjAyNlwvMDJcL2NlcnJvLW1vcmFkbzMuanBnIiwic2xpZGVzaG93IjoiOTNhN2QzOSJ9\" href='https:\/\/www.ischigualasto.gob.ar\/wp-content\/uploads\/2026\/02\/cerro-morado3.jpg'><img loading=\"lazy\" decoding=\"async\" width=\"300\" height=\"169\" src=\"https:\/\/www.ischigualasto.gob.ar\/wp-content\/uploads\/2026\/02\/cerro-morado3.jpg\" class=\"attachment-medium size-medium\" alt=\"cerro morado3\" title=\"Circuito Caminata al Cerro Morado\"><\/a>\n\t\t\t<\/div><\/figure>\n\t\t<\/div>\n\t\t<\/div>\n\t\t\t\t\t\t<\/div>\n\t\t\t\t<\/div>\n\t\t\t\t<\/div>\n\t\t\t\t\t<\/div>\n\t\t\t\t<\/div>\n\t\t<div class=\"elementor-element elementor-element-0a0b07d e-flex e-con-boxed e-con e-parent\" data-id=\"0a0b07d\" data-element_type=\"container\" data-settings=\"{&quot;shape_divider_top&quot;:&quot;opacity-tilt&quot;,&quot;shape_divider_bottom&quot;:&quot;opacity-tilt&quot;}\" data-aos=\"fade-up\" data-aos-duration=\"3000\">\n\t\t\t\t\t<div class=\"e-con-inner\">\n\t\t\t\t<div class=\"elementor-shape elementor-shape-top\" aria-hidden=\"true\" data-negative=\"false\">\n\t\t\t<svg xmlns=\"http:\/\/www.w3.org\/2000\/svg\" viewBox=\"0 0 2600 131.1\" preserveAspectRatio=\"none\">\n\t<path class=\"elementor-shape-fill\" d=\"M0 0L2600 0 2600 69.1 0 0z\"\/>\n\t<path class=\"elementor-shape-fill\" style=\"opacity:0.5\" d=\"M0 0L2600 0 2600 69.1 0 69.1z\"\/>\n\t<path class=\"elementor-shape-fill\" style=\"opacity:0.25\" d=\"M2600 0L0 0 0 130.1 2600 69.1z\"\/>\n<\/svg>\t\t<\/div>\n\t\t\t\t<div class=\"elementor-shape elementor-shape-bottom\" aria-hidden=\"true\" data-negative=\"false\">\n\t\t\t<svg xmlns=\"http:\/\/www.w3.org\/2000\/svg\" viewBox=\"0 0 2600 131.1\" preserveAspectRatio=\"none\">\n\t<path class=\"elementor-shape-fill\" d=\"M0 0L2600 0 2600 69.1 0 0z\"\/>\n\t<path class=\"elementor-shape-fill\" style=\"opacity:0.5\" d=\"M0 0L2600 0 2600 69.1 0 69.1z\"\/>\n\t<path class=\"elementor-shape-fill\" style=\"opacity:0.25\" d=\"M2600 0L0 0 0 130.1 2600 69.1z\"\/>\n<\/svg>\t\t<\/div>\n\t\t\t\t<div class=\"elementor-element elementor-element-db93bc8 elementor-widget elementor-widget-heading\" data-id=\"db93bc8\" data-element_type=\"widget\" data-widget_type=\"heading.default\">\n\t\t\t\t<div class=\"elementor-widget-container\">\n\t\t\t\t\t<h2 class=\"elementor-heading-title elementor-size-default\">CIRCUITOS EN GENERAL<\/h2>\t\t\t\t<\/div>\n\t\t\t\t<\/div>\n\t\t\t\t<div class=\"elementor-element elementor-element-c6876e2 elementor-widget-divider--view-line elementor-widget elementor-widget-divider\" data-id=\"c6876e2\" data-element_type=\"widget\" data-widget_type=\"divider.default\">\n\t\t\t\t<div class=\"elementor-widget-container\">\n\t\t\t\t\t\t\t<div class=\"elementor-divider\">\n\t\t\t<span class=\"elementor-divider-separator\">\n\t\t\t\t\t\t<\/span>\n\t\t<\/div>\n\t\t\t\t\t\t<\/div>\n\t\t\t\t<\/div>\n\t\t<div class=\"elementor-element elementor-element-5a80ff1 e-flex e-con-boxed e-con e-child\" data-id=\"5a80ff1\" data-element_type=\"container\">\n\t\t\t\t\t<div class=\"e-con-inner\">\n\t\t\t\t<div class=\"elementor-element elementor-element-e6a4a8a elementor-widget elementor-widget-text-editor\" data-id=\"e6a4a8a\" data-element_type=\"widget\" data-widget_type=\"text-editor.default\">\n\t\t\t\t<div class=\"elementor-widget-container\">\n\t\t\t\t\t\t\t\t\t<h5>De 8:00hs a 17:00hs. Ingresos regulares cada 1 hora.<\/h5><h5><strong>Observaci\u00f3n:<\/strong> por las altas temperaturas se disponen ingresos solo hasta las 11:00hs retomando a las 16:00hs y 17:00hs.<\/h5>\t\t\t\t\t\t\t\t<\/div>\n\t\t\t\t<\/div>\n\t\t\t\t\t<\/div>\n\t\t\t\t<\/div>\n\t\t\t\t\t<\/div>\n\t\t\t\t<\/div>\n\t\t<div class=\"elementor-element elementor-element-f621bf0 e-flex e-con-boxed e-con e-parent\" data-id=\"f621bf0\" data-element_type=\"container\" data-settings=\"{&quot;background_background&quot;:&quot;classic&quot;,&quot;shape_divider_bottom&quot;:&quot;opacity-tilt&quot;}\">\n\t\t\t\t\t<div class=\"e-con-inner\">\n\t\t\t\t<div class=\"elementor-shape elementor-shape-bottom\" aria-hidden=\"true\" data-negative=\"false\">\n\t\t\t<svg xmlns=\"http:\/\/www.w3.org\/2000\/svg\" viewBox=\"0 0 2600 131.1\" preserveAspectRatio=\"none\">\n\t<path class=\"elementor-shape-fill\" d=\"M0 0L2600 0 2600 69.1 0 0z\"\/>\n\t<path class=\"elementor-shape-fill\" style=\"opacity:0.5\" d=\"M0 0L2600 0 2600 69.1 0 69.1z\"\/>\n\t<path class=\"elementor-shape-fill\" style=\"opacity:0.25\" d=\"M2600 0L0 0 0 130.1 2600 69.1z\"\/>\n<\/svg>\t\t<\/div>\n\t\t<div class=\"elementor-element elementor-element-fb5dc06 e-grid e-con-full e-con e-child\" data-id=\"fb5dc06\" data-element_type=\"container\">\n\t\t\t\t<div class=\"elementor-element elementor-element-a276e3c elementor-widget elementor-widget-text-editor\" data-id=\"a276e3c\" data-element_type=\"widget\" data-widget_type=\"text-editor.default\">\n\t\t\t\t<div class=\"elementor-widget-container\">\n\t\t\t\t\t\t\t\t\t<h5>Horarios de Alternativos hasta el 21\/03<\/h5><p>\u2022\u2060 \u2060Rio Salado 8:00hs y 16:00hs<br \/>\u2022\u2060 \u2060Cerro Morado 8:00hs<br \/>\u2022\u2060 \u2060Mountain Bike 16:00hs<\/p>\t\t\t\t\t\t\t\t<\/div>\n\t\t\t\t<\/div>\n\t\t\t\t<div class=\"elementor-element elementor-element-44abcbd elementor-widget elementor-widget-text-editor\" data-id=\"44abcbd\" data-element_type=\"widget\" data-widget_type=\"text-editor.default\">\n\t\t\t\t<div class=\"elementor-widget-container\">\n\t\t\t\t\t\t\t\t\t<h5>Horarios de Alternativos del 21\/3 en adelante<\/h5><p>(temporada oto\u00f1o invierno)<br \/>\u2022\u2060 \u2060R\u00edo Salado 9:00hs<br \/>\u2022\u2060 \u2060Cerro Morado 15:00hs<br \/>\u2022\u2060 \u2060Mountain Bike 12:30hs<\/p>\t\t\t\t\t\t\t\t<\/div>\n\t\t\t\t<\/div>\n\t\t\t\t<\/div>\n\t\t\t\t\t<\/div>\n\t\t\t\t<\/div>\n\t\t\t\t<\/div>\n\t\t","protected":false},"excerpt":{"rendered":"<p>Caminata al Cerro Morado Circuito Caminata al Cerro Morado Esta variante permite ascender a la cima del Cerro Morado que al ser la altura m\u00e1s elevada del Parque (1.800 msnm), se obtiene una vista panor\u00e1mica en donde se puede apreciar una multiplicidad de colores. Durante el ascenso se puede conocer la flora aut\u00f3ctona como as\u00ed [&hellip;]<\/p>\n","protected":false},"author":1,"featured_media":0,"parent":0,"menu_order":0,"comment_status":"closed","ping_status":"closed","template":"","meta":{"site-sidebar-layout":"no-sidebar","site-content-layout":"page-builder","ast-site-content-layout":"full-width-container","site-content-style":"default","site-sidebar-style":"default","ast-global-header-display":"","ast-banner-title-visibility":"","ast-main-header-display":"","ast-hfb-above-header-display":"","ast-hfb-below-header-display":"","ast-hfb-mobile-header-display":"","site-post-title":"disabled","ast-breadcrumbs-content":"","ast-featured-img":"disabled","footer-sml-layout":"","ast-disable-related-posts":"","theme-transparent-header-meta":"enabled","adv-header-id-meta":"","stick-header-meta":"","header-above-stick-meta":"","header-main-stick-meta":"","header-below-stick-meta":"","astra-migrate-meta-layouts":"set","ast-page-background-enabled":"default","ast-page-background-meta":{"desktop":{"background-color":"","background-image":"","background-repeat":"repeat","background-position":"center center","background-size":"auto","background-attachment":"scroll","background-type":"","background-media":"","overlay-type":"","overlay-color":"","overlay-opacity":"","overlay-gradient":""},"tablet":{"background-color":"","background-image":"","background-repeat":"repeat","background-position":"center center","background-size":"auto","background-attachment":"scroll","background-type":"","background-media":"","overlay-type":"","overlay-color":"","overlay-opacity":"","overlay-gradient":""},"mobile":{"background-color":"","background-image":"","background-repeat":"repeat","background-position":"center center","background-size":"auto","background-attachment":"scroll","background-type":"","background-media":"","overlay-type":"","overlay-color":"","overlay-opacity":"","overlay-gradient":""}},"ast-content-background-meta":{"desktop":{"background-color":"var(--ast-global-color-5)","background-image":"","background-repeat":"repeat","background-position":"center center","background-size":"auto","background-attachment":"scroll","background-type":"","background-media":"","overlay-type":"","overlay-color":"","overlay-opacity":"","overlay-gradient":""},"tablet":{"background-color":"var(--ast-global-color-5)","background-image":"","background-repeat":"repeat","background-position":"center center","background-size":"auto","background-attachment":"scroll","background-type":"","background-media":"","overlay-type":"","overlay-color":"","overlay-opacity":"","overlay-gradient":""},"mobile":{"background-color":"var(--ast-global-color-5)","background-image":"","background-repeat":"repeat","background-position":"center center","background-size":"auto","background-attachment":"scroll","background-type":"","background-media":"","overlay-type":"","overlay-color":"","overlay-opacity":"","overlay-gradient":""}},"footnotes":""},"class_list":["post-1823","page","type-page","status-publish","hentry"],"_links":{"self":[{"href":"https:\/\/www.ischigualasto.gob.ar\/index.php?rest_route=\/wp\/v2\/pages\/1823","targetHints":{"allow":["GET"]}}],"collection":[{"href":"https:\/\/www.ischigualasto.gob.ar\/index.php?rest_route=\/wp\/v2\/pages"}],"about":[{"href":"https:\/\/www.ischigualasto.gob.ar\/index.php?rest_route=\/wp\/v2\/types\/page"}],"author":[{"embeddable":true,"href":"https:\/\/www.ischigualasto.gob.ar\/index.php?rest_route=\/wp\/v2\/users\/1"}],"replies":[{"embeddable":true,"href":"https:\/\/www.ischigualasto.gob.ar\/index.php?rest_route=%2Fwp%2Fv2%2Fcomments&post=1823"}],"version-history":[{"count":37,"href":"https:\/\/www.ischigualasto.gob.ar\/index.php?rest_route=\/wp\/v2\/pages\/1823\/revisions"}],"predecessor-version":[{"id":2260,"href":"https:\/\/www.ischigualasto.gob.ar\/index.php?rest_route=\/wp\/v2\/pages\/1823\/revisions\/2260"}],"wp:attachment":[{"href":"https:\/\/www.ischigualasto.gob.ar\/index.php?rest_route=%2Fwp%2Fv2%2Fmedia&parent=1823"}],"curies":[{"name":"wp","href":"https:\/\/api.w.org\/{rel}","templated":true}]}}