{"id":1736,"date":"2026-02-21T22:12:13","date_gmt":"2026-02-22T01:12:13","guid":{"rendered":"http:\/\/localhost\/ischigualasto\/?page_id=1736"},"modified":"2026-03-12T18:24:45","modified_gmt":"2026-03-12T21:24:45","slug":"circuito-con-luna-llena","status":"publish","type":"page","link":"https:\/\/www.ischigualasto.gob.ar\/?page_id=1736","title":{"rendered":"Circuito con luna llena"},"content":{"rendered":"\t\t<div data-elementor-type=\"wp-page\" data-elementor-id=\"1736\" class=\"elementor elementor-1736\" data-elementor-post-type=\"page\">\n\t\t\t\t<div class=\"elementor-element elementor-element-615566d e-flex e-con-boxed e-con e-parent\" data-id=\"615566d\" data-element_type=\"container\" data-settings=\"{&quot;background_background&quot;:&quot;classic&quot;,&quot;shape_divider_bottom&quot;:&quot;mountains&quot;}\">\n\t\t\t\t\t<div class=\"e-con-inner\">\n\t\t\t\t<div class=\"elementor-shape elementor-shape-bottom\" aria-hidden=\"true\" data-negative=\"false\">\n\t\t\t<svg xmlns=\"http:\/\/www.w3.org\/2000\/svg\" viewBox=\"0 0 1000 100\" preserveAspectRatio=\"none\">\n\t<path class=\"elementor-shape-fill\" opacity=\"0.33\" d=\"M473,67.3c-203.9,88.3-263.1-34-320.3,0C66,119.1,0,59.7,0,59.7V0h1000v59.7 c0,0-62.1,26.1-94.9,29.3c-32.8,3.3-62.8-12.3-75.8-22.1C806,49.6,745.3,8.7,694.9,4.7S492.4,59,473,67.3z\"\/>\n\t<path class=\"elementor-shape-fill\" opacity=\"0.66\" d=\"M734,67.3c-45.5,0-77.2-23.2-129.1-39.1c-28.6-8.7-150.3-10.1-254,39.1 s-91.7-34.4-149.2,0C115.7,118.3,0,39.8,0,39.8V0h1000v36.5c0,0-28.2-18.5-92.1-18.5C810.2,18.1,775.7,67.3,734,67.3z\"\/>\n\t<path class=\"elementor-shape-fill\" d=\"M766.1,28.9c-200-57.5-266,65.5-395.1,19.5C242,1.8,242,5.4,184.8,20.6C128,35.8,132.3,44.9,89.9,52.5C28.6,63.7,0,0,0,0 h1000c0,0-9.9,40.9-83.6,48.1S829.6,47,766.1,28.9z\"\/>\n<\/svg>\t\t<\/div>\n\t\t<div class=\"elementor-element elementor-element-e1ea5c3 e-con-full e-flex e-con e-child\" data-id=\"e1ea5c3\" data-element_type=\"container\">\n\t\t\t\t<div class=\"elementor-element elementor-element-d9e8f2d elementor-invisible elementor-widget elementor-widget-heading\" data-id=\"d9e8f2d\" data-element_type=\"widget\" data-settings=\"{&quot;_animation&quot;:&quot;fadeIn&quot;}\" data-widget_type=\"heading.default\">\n\t\t\t\t<div class=\"elementor-widget-container\">\n\t\t\t\t\t<h1 class=\"elementor-heading-title elementor-size-default\">Circuito con Luna LLena<\/h1>\t\t\t\t<\/div>\n\t\t\t\t<\/div>\n\t\t\t\t<\/div>\n\t\t\t\t\t<\/div>\n\t\t\t\t<\/div>\n\t\t<div class=\"elementor-element elementor-element-ed9e03d e-flex e-con-boxed e-con e-parent\" data-id=\"ed9e03d\" data-element_type=\"container\">\n\t\t\t\t\t<div class=\"e-con-inner\">\n\t\t<div class=\"elementor-element elementor-element-a27ea6a e-con-full e-flex e-con e-child\" data-id=\"a27ea6a\" data-element_type=\"container\">\n\t\t\t\t<div class=\"elementor-element elementor-element-990339a elementor-widget__width-auto elementor-widget elementor-widget-heading\" data-id=\"990339a\" data-element_type=\"widget\" data-widget_type=\"heading.default\">\n\t\t\t\t<div class=\"elementor-widget-container\">\n\t\t\t\t\t<h2 class=\"elementor-heading-title elementor-size-default\">Circuito con Luna Llena<\/h2>\t\t\t\t<\/div>\n\t\t\t\t<\/div>\n\t\t\t\t<div class=\"elementor-element elementor-element-7f0a508 elementor-widget__width-auto elementor-widget elementor-widget-text-editor\" data-id=\"7f0a508\" data-element_type=\"widget\" data-widget_type=\"text-editor.default\">\n\t\t\t\t<div class=\"elementor-widget-container\">\n\t\t\t\t\t\t\t\t\t<p>La caminata sobre las gris\u00e1ceas areniscas claras, en compa\u00f1\u00eda de la luz de la luna llena, provoca m\u00faltiples y novedosas sensaciones debido a su similitud con un espl\u00e9ndido paisaje lunar. Es un paseo exclusivo ya que es una experiencia donde solamente puede ser realizado en Ischigualasto.<\/p><p>Se realiza solamente cuatro noches por mes teniendo como par\u00e1metro el d\u00eda de cambio de fase lunar, siendo posible hacerlo dos noches previas y la noche posterior al cambio de fase a luna llena.<\/p><p>Este circuito se realiza con reserva llamando a los tels., o enviando un Whatsapp, 264 457 0879, 264 418 6119, 264 443 3397, o por mail a la cuenta reservas.ischigualasto@gmail.com. Quedando sujeta la realizaci\u00f3n de la misma a las condiciones clim\u00e1ticas al momento de inicio del paseo. La duraci\u00f3n es de dos horas y media (2:30hs.) aproximadamente.<\/p><hr class=\"wp-block-separator\" \/><div class=\"sidepanel widget_info\"><ul class=\"work_info\"><li><i class=\"fa fa-info-circle\"><\/i>\u00a0<strong>Informaci\u00f3n del Circuito<\/strong><\/li><li><i class=\"fa fa-angle-right\"><\/i>\u00a0Duraci\u00f3n Aproximada: 2:30 hs.<\/li><li><i class=\"fa fa-angle-right\"><\/i>\u00a0Modalidad: Vehicular con trekking (dificultad media)<\/li><li><i class=\"fa fa-angle-right\"><\/i>\u00a0Apto para mayores de 10 a\u00f1os.<\/li><li><i class=\"fa fa-angle-right\"><\/i>\u00a0Personas con movilidad reducida y de la 3\u00ba edad consultar detalles del circuito.<\/li><\/ul><\/div>\t\t\t\t\t\t\t\t<\/div>\n\t\t\t\t<\/div>\n\t\t\t\t<\/div>\n\t\t<div class=\"elementor-element elementor-element-ff33e5c e-con-full e-flex e-con e-child\" data-id=\"ff33e5c\" data-element_type=\"container\">\n\t\t\t\t<div class=\"elementor-element elementor-element-f873330 elementor-widget elementor-widget-video\" data-id=\"f873330\" data-element_type=\"widget\" data-settings=\"{&quot;youtube_url&quot;:&quot;https:\\\/\\\/youtu.be\\\/nU-JDvTbznM?si=E2sKDPyejuZ646wd&quot;,&quot;video_type&quot;:&quot;youtube&quot;,&quot;controls&quot;:&quot;yes&quot;}\" data-widget_type=\"video.default\">\n\t\t\t\t<div class=\"elementor-widget-container\">\n\t\t\t\t\t\t\t<div class=\"elementor-wrapper elementor-open-inline\">\n\t\t\t<div class=\"elementor-video\"><\/div>\t\t<\/div>\n\t\t\t\t\t\t<\/div>\n\t\t\t\t<\/div>\n\t\t\t\t<div class=\"elementor-element elementor-element-5e8366d gallery-spacing-custom elementor-widget elementor-widget-image-gallery\" data-id=\"5e8366d\" data-element_type=\"widget\" data-widget_type=\"image-gallery.default\">\n\t\t\t\t<div class=\"elementor-widget-container\">\n\t\t\t\t\t\t\t<div class=\"elementor-image-gallery\">\n\t\t\t<div id='gallery-1' class='gallery galleryid-1736 gallery-columns-4 gallery-size-medium'><figure class='gallery-item'>\n\t\t\t<div class='gallery-icon landscape'>\n\t\t\t\t<a data-elementor-open-lightbox=\"yes\" data-elementor-lightbox-slideshow=\"5e8366d\" data-e-action-hash=\"#elementor-action%3Aaction%3Dlightbox%26settings%3DeyJpZCI6MTc3OCwidXJsIjoiaHR0cHM6XC9cL3d3dy5pc2NoaWd1YWxhc3RvLmdvYi5hclwvd3AtY29udGVudFwvdXBsb2Fkc1wvMjAyNlwvMDJcL2x1bmEtbGxlbmE0LmpwZyIsInNsaWRlc2hvdyI6IjVlODM2NmQifQ%3D%3D\" href='https:\/\/www.ischigualasto.gob.ar\/wp-content\/uploads\/2026\/02\/luna-llena4.jpg'><img fetchpriority=\"high\" decoding=\"async\" width=\"300\" height=\"169\" src=\"https:\/\/www.ischigualasto.gob.ar\/wp-content\/uploads\/2026\/02\/luna-llena4.jpg\" class=\"attachment-medium size-medium\" alt=\"luna llena4\" title=\"Circuito con luna llena\"><\/a>\n\t\t\t<\/div><\/figure><figure class='gallery-item'>\n\t\t\t<div class='gallery-icon landscape'>\n\t\t\t\t<a data-elementor-open-lightbox=\"yes\" data-elementor-lightbox-slideshow=\"5e8366d\" data-e-action-hash=\"#elementor-action%3Aaction%3Dlightbox%26settings%3DeyJpZCI6MTc3NywidXJsIjoiaHR0cHM6XC9cL3d3dy5pc2NoaWd1YWxhc3RvLmdvYi5hclwvd3AtY29udGVudFwvdXBsb2Fkc1wvMjAyNlwvMDJcL2x1bmEtbGxlbmEtNS5qcGciLCJzbGlkZXNob3ciOiI1ZTgzNjZkIn0%3D\" href='https:\/\/www.ischigualasto.gob.ar\/wp-content\/uploads\/2026\/02\/luna-llena-5.jpg'><img decoding=\"async\" width=\"300\" height=\"169\" src=\"https:\/\/www.ischigualasto.gob.ar\/wp-content\/uploads\/2026\/02\/luna-llena-5.jpg\" class=\"attachment-medium size-medium\" alt=\"luna llena 5\" title=\"Circuito con luna llena\"><\/a>\n\t\t\t<\/div><\/figure><figure class='gallery-item'>\n\t\t\t<div class='gallery-icon landscape'>\n\t\t\t\t<a data-elementor-open-lightbox=\"yes\" data-elementor-lightbox-slideshow=\"5e8366d\" data-e-action-hash=\"#elementor-action%3Aaction%3Dlightbox%26settings%3DeyJpZCI6MTc3NiwidXJsIjoiaHR0cHM6XC9cL3d3dy5pc2NoaWd1YWxhc3RvLmdvYi5hclwvd3AtY29udGVudFwvdXBsb2Fkc1wvMjAyNlwvMDJcL2x1bmEtbGxlbmEtMy5qcGciLCJzbGlkZXNob3ciOiI1ZTgzNjZkIn0%3D\" href='https:\/\/www.ischigualasto.gob.ar\/wp-content\/uploads\/2026\/02\/luna-llena-3.jpg'><img decoding=\"async\" width=\"300\" height=\"169\" src=\"https:\/\/www.ischigualasto.gob.ar\/wp-content\/uploads\/2026\/02\/luna-llena-3.jpg\" class=\"attachment-medium size-medium\" alt=\"luna llena 3\" title=\"Circuito con luna llena\"><\/a>\n\t\t\t<\/div><\/figure><figure class='gallery-item'>\n\t\t\t<div class='gallery-icon landscape'>\n\t\t\t\t<a data-elementor-open-lightbox=\"yes\" data-elementor-lightbox-slideshow=\"5e8366d\" data-e-action-hash=\"#elementor-action%3Aaction%3Dlightbox%26settings%3DeyJpZCI6MTc3NSwidXJsIjoiaHR0cHM6XC9cL3d3dy5pc2NoaWd1YWxhc3RvLmdvYi5hclwvd3AtY29udGVudFwvdXBsb2Fkc1wvMjAyNlwvMDJcL2x1bmEtbGxlbmEtMi5qcGciLCJzbGlkZXNob3ciOiI1ZTgzNjZkIn0%3D\" href='https:\/\/www.ischigualasto.gob.ar\/wp-content\/uploads\/2026\/02\/luna-llena-2.jpg'><img loading=\"lazy\" decoding=\"async\" width=\"300\" height=\"169\" src=\"https:\/\/www.ischigualasto.gob.ar\/wp-content\/uploads\/2026\/02\/luna-llena-2.jpg\" class=\"attachment-medium size-medium\" alt=\"luna llena 2\" title=\"Circuito con luna llena\"><\/a>\n\t\t\t<\/div><\/figure><figure class='gallery-item'>\n\t\t\t<div class='gallery-icon landscape'>\n\t\t\t\t<a data-elementor-open-lightbox=\"yes\" data-elementor-lightbox-slideshow=\"5e8366d\" data-e-action-hash=\"#elementor-action%3Aaction%3Dlightbox%26settings%3DeyJpZCI6MTc3NCwidXJsIjoiaHR0cHM6XC9cL3d3dy5pc2NoaWd1YWxhc3RvLmdvYi5hclwvd3AtY29udGVudFwvdXBsb2Fkc1wvMjAyNlwvMDJcL2x1bmEtbGxlbmExLmpwZyIsInNsaWRlc2hvdyI6IjVlODM2NmQifQ%3D%3D\" href='https:\/\/www.ischigualasto.gob.ar\/wp-content\/uploads\/2026\/02\/luna-llena1.jpg'><img loading=\"lazy\" decoding=\"async\" width=\"300\" height=\"169\" src=\"https:\/\/www.ischigualasto.gob.ar\/wp-content\/uploads\/2026\/02\/luna-llena1.jpg\" class=\"attachment-medium size-medium\" alt=\"parque provincial ischigualasto\" aria-describedby=\"gallery-1-1774\" title=\"Circuito con luna llena\"><\/a>\n\t\t\t<\/div>\n\t\t\t\t<figcaption class='wp-caption-text gallery-caption' id='gallery-1-1774'>\n\t\t\t\tAtardecer en Las Bandejas\n\t\t\t\t<\/figcaption><\/figure><figure class='gallery-item'>\n\t\t\t<div class='gallery-icon landscape'>\n\t\t\t\t<a data-elementor-open-lightbox=\"yes\" data-elementor-lightbox-slideshow=\"5e8366d\" data-e-action-hash=\"#elementor-action%3Aaction%3Dlightbox%26settings%3DeyJpZCI6MTAwNiwidXJsIjoiaHR0cHM6XC9cL3d3dy5pc2NoaWd1YWxhc3RvLmdvYi5hclwvd3AtY29udGVudFwvdXBsb2Fkc1wvMjAyNlwvMDFcL3NsaWRlcjIuanBnIiwic2xpZGVzaG93IjoiNWU4MzY2ZCJ9\" href='https:\/\/www.ischigualasto.gob.ar\/wp-content\/uploads\/2026\/01\/slider2.jpg'><img loading=\"lazy\" decoding=\"async\" width=\"300\" height=\"169\" src=\"https:\/\/www.ischigualasto.gob.ar\/wp-content\/uploads\/2026\/01\/slider2.jpg\" class=\"attachment-medium size-medium\" alt=\"slider2\" title=\"Circuito con luna llena\"><\/a>\n\t\t\t<\/div><\/figure><figure class='gallery-item'>\n\t\t\t<div class='gallery-icon landscape'>\n\t\t\t\t<a data-elementor-open-lightbox=\"yes\" data-elementor-lightbox-slideshow=\"5e8366d\" data-e-action-hash=\"#elementor-action%3Aaction%3Dlightbox%26settings%3DeyJpZCI6MTc5NSwidXJsIjoiaHR0cHM6XC9cL3d3dy5pc2NoaWd1YWxhc3RvLmdvYi5hclwvd3AtY29udGVudFwvdXBsb2Fkc1wvMjAyNlwvMDJcL2x1bmEtbGxlbmEtNy5qcGciLCJzbGlkZXNob3ciOiI1ZTgzNjZkIn0%3D\" href='https:\/\/www.ischigualasto.gob.ar\/wp-content\/uploads\/2026\/02\/luna-llena-7.jpg'><img loading=\"lazy\" decoding=\"async\" width=\"300\" height=\"169\" src=\"https:\/\/www.ischigualasto.gob.ar\/wp-content\/uploads\/2026\/02\/luna-llena-7.jpg\" class=\"attachment-medium size-medium\" alt=\"luna llena 7\" title=\"Circuito con luna llena\"><\/a>\n\t\t\t<\/div><\/figure><figure class='gallery-item'>\n\t\t\t<div class='gallery-icon landscape'>\n\t\t\t\t<a data-elementor-open-lightbox=\"yes\" data-elementor-lightbox-slideshow=\"5e8366d\" data-e-action-hash=\"#elementor-action%3Aaction%3Dlightbox%26settings%3DeyJpZCI6MTc5NiwidXJsIjoiaHR0cHM6XC9cL3d3dy5pc2NoaWd1YWxhc3RvLmdvYi5hclwvd3AtY29udGVudFwvdXBsb2Fkc1wvMjAyNlwvMDJcL2x1bmEtbGxlbmEtOC5qcGciLCJzbGlkZXNob3ciOiI1ZTgzNjZkIn0%3D\" href='https:\/\/www.ischigualasto.gob.ar\/wp-content\/uploads\/2026\/02\/luna-llena-8.jpg'><img loading=\"lazy\" decoding=\"async\" width=\"300\" height=\"169\" src=\"https:\/\/www.ischigualasto.gob.ar\/wp-content\/uploads\/2026\/02\/luna-llena-8.jpg\" class=\"attachment-medium size-medium\" alt=\"luna llena 8\" title=\"Circuito con luna llena\"><\/a>\n\t\t\t<\/div><\/figure>\n\t\t<\/div>\n\t\t<\/div>\n\t\t\t\t\t\t<\/div>\n\t\t\t\t<\/div>\n\t\t\t\t<\/div>\n\t\t\t\t\t<\/div>\n\t\t\t\t<\/div>\n\t\t<div class=\"elementor-element elementor-element-0f0dbaa e-flex e-con-boxed e-con e-parent\" data-id=\"0f0dbaa\" data-element_type=\"container\" data-settings=\"{&quot;shape_divider_top&quot;:&quot;opacity-tilt&quot;,&quot;shape_divider_bottom&quot;:&quot;opacity-tilt&quot;}\" data-aos=\"fade-up\" data-aos-duration=\"3000\">\n\t\t\t\t\t<div class=\"e-con-inner\">\n\t\t\t\t<div class=\"elementor-shape elementor-shape-top\" aria-hidden=\"true\" data-negative=\"false\">\n\t\t\t<svg xmlns=\"http:\/\/www.w3.org\/2000\/svg\" viewBox=\"0 0 2600 131.1\" preserveAspectRatio=\"none\">\n\t<path class=\"elementor-shape-fill\" d=\"M0 0L2600 0 2600 69.1 0 0z\"\/>\n\t<path class=\"elementor-shape-fill\" style=\"opacity:0.5\" d=\"M0 0L2600 0 2600 69.1 0 69.1z\"\/>\n\t<path class=\"elementor-shape-fill\" style=\"opacity:0.25\" d=\"M2600 0L0 0 0 130.1 2600 69.1z\"\/>\n<\/svg>\t\t<\/div>\n\t\t\t\t<div class=\"elementor-shape elementor-shape-bottom\" aria-hidden=\"true\" data-negative=\"false\">\n\t\t\t<svg xmlns=\"http:\/\/www.w3.org\/2000\/svg\" viewBox=\"0 0 2600 131.1\" preserveAspectRatio=\"none\">\n\t<path class=\"elementor-shape-fill\" d=\"M0 0L2600 0 2600 69.1 0 0z\"\/>\n\t<path class=\"elementor-shape-fill\" style=\"opacity:0.5\" d=\"M0 0L2600 0 2600 69.1 0 69.1z\"\/>\n\t<path class=\"elementor-shape-fill\" style=\"opacity:0.25\" d=\"M2600 0L0 0 0 130.1 2600 69.1z\"\/>\n<\/svg>\t\t<\/div>\n\t\t\t\t<div class=\"elementor-element elementor-element-46fdffc elementor-widget elementor-widget-heading\" data-id=\"46fdffc\" data-element_type=\"widget\" data-widget_type=\"heading.default\">\n\t\t\t\t<div class=\"elementor-widget-container\">\n\t\t\t\t\t<h2 class=\"elementor-heading-title elementor-size-default\">CIRCUITOS EN GENERAL<\/h2>\t\t\t\t<\/div>\n\t\t\t\t<\/div>\n\t\t\t\t<div class=\"elementor-element elementor-element-bd64170 elementor-widget-divider--view-line elementor-widget elementor-widget-divider\" data-id=\"bd64170\" data-element_type=\"widget\" data-widget_type=\"divider.default\">\n\t\t\t\t<div class=\"elementor-widget-container\">\n\t\t\t\t\t\t\t<div class=\"elementor-divider\">\n\t\t\t<span class=\"elementor-divider-separator\">\n\t\t\t\t\t\t<\/span>\n\t\t<\/div>\n\t\t\t\t\t\t<\/div>\n\t\t\t\t<\/div>\n\t\t<div class=\"elementor-element elementor-element-b338867 e-flex e-con-boxed e-con e-child\" data-id=\"b338867\" data-element_type=\"container\">\n\t\t\t\t\t<div class=\"e-con-inner\">\n\t\t\t\t<div class=\"elementor-element elementor-element-59a1604 elementor-widget elementor-widget-text-editor\" data-id=\"59a1604\" data-element_type=\"widget\" data-widget_type=\"text-editor.default\">\n\t\t\t\t<div class=\"elementor-widget-container\">\n\t\t\t\t\t\t\t\t\t<h5>De 8:00hs a 17:00hs. Ingresos regulares cada 1 hora.<\/h5><h5><br \/><strong>Observaci\u00f3n:<\/strong> por las altas temperaturas se disponen ingresos solo hasta las 11:00hs retomando a las 16:00hs y 17:00hs.<br \/>Horarios<\/h5>\t\t\t\t\t\t\t\t<\/div>\n\t\t\t\t<\/div>\n\t\t\t\t\t<\/div>\n\t\t\t\t<\/div>\n\t\t\t\t\t<\/div>\n\t\t\t\t<\/div>\n\t\t<div class=\"elementor-element elementor-element-32ba7fe e-flex e-con-boxed e-con e-parent\" data-id=\"32ba7fe\" data-element_type=\"container\" data-settings=\"{&quot;background_background&quot;:&quot;classic&quot;,&quot;shape_divider_bottom&quot;:&quot;opacity-tilt&quot;}\">\n\t\t\t\t\t<div class=\"e-con-inner\">\n\t\t\t\t<div class=\"elementor-shape elementor-shape-bottom\" aria-hidden=\"true\" data-negative=\"false\">\n\t\t\t<svg xmlns=\"http:\/\/www.w3.org\/2000\/svg\" viewBox=\"0 0 2600 131.1\" preserveAspectRatio=\"none\">\n\t<path class=\"elementor-shape-fill\" d=\"M0 0L2600 0 2600 69.1 0 0z\"\/>\n\t<path class=\"elementor-shape-fill\" style=\"opacity:0.5\" d=\"M0 0L2600 0 2600 69.1 0 69.1z\"\/>\n\t<path class=\"elementor-shape-fill\" style=\"opacity:0.25\" d=\"M2600 0L0 0 0 130.1 2600 69.1z\"\/>\n<\/svg>\t\t<\/div>\n\t\t<div class=\"elementor-element elementor-element-8ba609c e-grid e-con-full e-con e-child\" data-id=\"8ba609c\" data-element_type=\"container\">\n\t\t\t\t<div class=\"elementor-element elementor-element-b0bd498 elementor-widget elementor-widget-text-editor\" data-id=\"b0bd498\" data-element_type=\"widget\" data-widget_type=\"text-editor.default\">\n\t\t\t\t<div class=\"elementor-widget-container\">\n\t\t\t\t\t\t\t\t\t<h5>Horarios de Alternativos hasta el 21\/03<\/h5><p>\u2022\u2060 \u2060Rio Salado 8:00hs y 16:00hs<br \/>\u2022\u2060 \u2060Cerro Morado 8:00hs<br \/>\u2022\u2060 \u2060Mountain Bike 16:00hs<\/p>\t\t\t\t\t\t\t\t<\/div>\n\t\t\t\t<\/div>\n\t\t\t\t<div class=\"elementor-element elementor-element-2db04fe elementor-widget elementor-widget-text-editor\" data-id=\"2db04fe\" data-element_type=\"widget\" data-widget_type=\"text-editor.default\">\n\t\t\t\t<div class=\"elementor-widget-container\">\n\t\t\t\t\t\t\t\t\t<h5>Horarios de Alternativos del 21\/3 en adelante<\/h5><p>(temporada oto\u00f1o invierno)<br \/>\u2022\u2060 \u2060R\u00edo Salado 9:00hs<br \/>\u2022\u2060 \u2060Cerro Morado 15:00hs<br \/>\u2022\u2060 \u2060Mountain Bike 12:30hs<\/p>\t\t\t\t\t\t\t\t<\/div>\n\t\t\t\t<\/div>\n\t\t\t\t<\/div>\n\t\t\t\t\t<\/div>\n\t\t\t\t<\/div>\n\t\t\t\t<\/div>\n\t\t","protected":false},"excerpt":{"rendered":"<p>Circuito con Luna LLena Circuito con Luna Llena La caminata sobre las gris\u00e1ceas areniscas claras, en compa\u00f1\u00eda de la luz de la luna llena, provoca m\u00faltiples y novedosas sensaciones debido a su similitud con un espl\u00e9ndido paisaje lunar. Es un paseo exclusivo ya que es una experiencia donde solamente puede ser realizado en Ischigualasto. Se [&hellip;]<\/p>\n","protected":false},"author":1,"featured_media":0,"parent":0,"menu_order":0,"comment_status":"closed","ping_status":"closed","template":"","meta":{"site-sidebar-layout":"no-sidebar","site-content-layout":"page-builder","ast-site-content-layout":"full-width-container","site-content-style":"default","site-sidebar-style":"default","ast-global-header-display":"","ast-banner-title-visibility":"","ast-main-header-display":"","ast-hfb-above-header-display":"","ast-hfb-below-header-display":"","ast-hfb-mobile-header-display":"","site-post-title":"disabled","ast-breadcrumbs-content":"","ast-featured-img":"disabled","footer-sml-layout":"","ast-disable-related-posts":"","theme-transparent-header-meta":"enabled","adv-header-id-meta":"","stick-header-meta":"","header-above-stick-meta":"","header-main-stick-meta":"","header-below-stick-meta":"","astra-migrate-meta-layouts":"set","ast-page-background-enabled":"default","ast-page-background-meta":{"desktop":{"background-color":"","background-image":"","background-repeat":"repeat","background-position":"center center","background-size":"auto","background-attachment":"scroll","background-type":"","background-media":"","overlay-type":"","overlay-color":"","overlay-opacity":"","overlay-gradient":""},"tablet":{"background-color":"","background-image":"","background-repeat":"repeat","background-position":"center center","background-size":"auto","background-attachment":"scroll","background-type":"","background-media":"","overlay-type":"","overlay-color":"","overlay-opacity":"","overlay-gradient":""},"mobile":{"background-color":"","background-image":"","background-repeat":"repeat","background-position":"center center","background-size":"auto","background-attachment":"scroll","background-type":"","background-media":"","overlay-type":"","overlay-color":"","overlay-opacity":"","overlay-gradient":""}},"ast-content-background-meta":{"desktop":{"background-color":"var(--ast-global-color-5)","background-image":"","background-repeat":"repeat","background-position":"center center","background-size":"auto","background-attachment":"scroll","background-type":"","background-media":"","overlay-type":"","overlay-color":"","overlay-opacity":"","overlay-gradient":""},"tablet":{"background-color":"var(--ast-global-color-5)","background-image":"","background-repeat":"repeat","background-position":"center center","background-size":"auto","background-attachment":"scroll","background-type":"","background-media":"","overlay-type":"","overlay-color":"","overlay-opacity":"","overlay-gradient":""},"mobile":{"background-color":"var(--ast-global-color-5)","background-image":"","background-repeat":"repeat","background-position":"center center","background-size":"auto","background-attachment":"scroll","background-type":"","background-media":"","overlay-type":"","overlay-color":"","overlay-opacity":"","overlay-gradient":""}},"footnotes":""},"class_list":["post-1736","page","type-page","status-publish","hentry"],"_links":{"self":[{"href":"https:\/\/www.ischigualasto.gob.ar\/index.php?rest_route=\/wp\/v2\/pages\/1736","targetHints":{"allow":["GET"]}}],"collection":[{"href":"https:\/\/www.ischigualasto.gob.ar\/index.php?rest_route=\/wp\/v2\/pages"}],"about":[{"href":"https:\/\/www.ischigualasto.gob.ar\/index.php?rest_route=\/wp\/v2\/types\/page"}],"author":[{"embeddable":true,"href":"https:\/\/www.ischigualasto.gob.ar\/index.php?rest_route=\/wp\/v2\/users\/1"}],"replies":[{"embeddable":true,"href":"https:\/\/www.ischigualasto.gob.ar\/index.php?rest_route=%2Fwp%2Fv2%2Fcomments&post=1736"}],"version-history":[{"count":59,"href":"https:\/\/www.ischigualasto.gob.ar\/index.php?rest_route=\/wp\/v2\/pages\/1736\/revisions"}],"predecessor-version":[{"id":2200,"href":"https:\/\/www.ischigualasto.gob.ar\/index.php?rest_route=\/wp\/v2\/pages\/1736\/revisions\/2200"}],"wp:attachment":[{"href":"https:\/\/www.ischigualasto.gob.ar\/index.php?rest_route=%2Fwp%2Fv2%2Fmedia&parent=1736"}],"curies":[{"name":"wp","href":"https:\/\/api.w.org\/{rel}","templated":true}]}}